{"id":10367,"date":"2020-02-05T21:16:46","date_gmt":"2020-02-05T20:16:46","guid":{"rendered":"https:\/\/dev2.mgvpublications.com\/produkt\/yasantinin-politikasi\/"},"modified":"2022-03-08T22:32:39","modified_gmt":"2022-03-08T21:32:39","slug":"yasantinin-politikasi","status":"publish","type":"product","link":"https:\/\/mgvpublications.com\/de\/yasantinin-politikasi\/","title":{"rendered":"Ya\u015fant\u0131n\u0131n Politikas\u0131"},"content":{"rendered":"<p>\u00c7evirmen:\tDr. Kemal Sayar<br \/>\nYay\u0131n Tarihi\t2018-10-22<br \/>\nISBN\t9757726133<br \/>\nBask\u0131 Say\u0131s\u0131\t2. Bask\u0131<br \/>\nDil\tT\u00dcRK\u00c7E<br \/>\nSayfa Say\u0131s\u0131\t179<br \/>\nCilt Tipi\tKarton Kapak<br \/>\nKa\u011f\u0131t Cinsi\t1. Hm. Ka\u011f\u0131t<br \/>\nBoyut\t13 x 19.5 cm<\/p>","protected":false},"excerpt":{"rendered":"<p>Her olayda biz akl\u0131kar\u0131\u015f\u0131k ve \u00e7\u0131ld\u0131rm\u0131\u015f yarat\u0131klar\u0131z. Kendi benliklerimize, birbirimize, manevi ve maddi d\u00fcnyaya yabanc\u0131y\u0131z. Hatta g\u00f6z\u00fcm\u00fcze ili\u015fen ancak benimsemedi\u011fimiz bir zaviyeden, deliyiz biz. Yabanc\u0131la\u015fman\u0131n bizi bekledi\u011fi bir d\u00fcnyaya do\u011fuyoruz. Potansiyel olarak insanlar\u0131z ancak yabanc\u0131la\u015fm\u0131\u015f bir haldeyiz ve bu hal sadece do\u011fal bir sistem de\u011fil. Halihaz\u0131rdaki kaderimiz olarak yabanc\u0131la\u015fma, sadece insan\u0131n insana uygulad\u0131\u011f\u0131 insafs\u0131z bir \u015fiddet ile ger\u00e7ekle\u015ftirilir. Bu kitap, g\u00fcn\u00fcm\u00fczde, kendi benliklerimize y\u00f6nelik \u015fiddetin kimi bi\u00e7imlerini belgelemeye \u00e7al\u0131\u015fmaktad\u0131r.<\/p>","protected":false},"featured_media":10368,"template":"","meta":{"spay_email":""},"product_cat":[166,173],"product_tag":[],"item":[854],"acf":[],"_links":{"self":[{"href":"https:\/\/mgvpublications.com\/de\/wp-json\/wp\/v2\/product\/10367"}],"collection":[{"href":"https:\/\/mgvpublications.com\/de\/wp-json\/wp\/v2\/product"}],"about":[{"href":"https:\/\/mgvpublications.com\/de\/wp-json\/wp\/v2\/types\/product"}],"wp:featuredmedia":[{"embeddable":true,"href":"https:\/\/mgvpublications.com\/de\/wp-json\/wp\/v2\/media\/10368"}],"wp:attachment":[{"href":"https:\/\/mgvpublications.com\/de\/wp-json\/wp\/v2\/media?parent=10367"}],"wp:term":[{"taxonomy":"product_cat","embeddable":true,"href":"https:\/\/mgvpublications.com\/de\/wp-json\/wp\/v2\/product_cat?post=10367"},{"taxonomy":"product_tag","embeddable":true,"href":"https:\/\/mgvpublications.com\/de\/wp-json\/wp\/v2\/product_tag?post=10367"},{"taxonomy":"item","embeddable":true,"href":"https:\/\/mgvpublications.com\/de\/wp-json\/wp\/v2\/item?post=10367"}],"curies":[{"name":"wp","href":"https:\/\/api.w.org\/{rel}","templated":true}]}}