{"id":10365,"date":"2020-02-05T21:12:22","date_gmt":"2020-02-05T20:12:22","guid":{"rendered":"https:\/\/dev2.mgvpublications.com\/produkt\/osmanli-gercekleri-2-sorularla-osmanliyi-anlamak\/"},"modified":"2025-10-23T17:57:39","modified_gmt":"2025-10-23T15:57:39","slug":"osmanli-gercekleri-2-sorularla-osmanliyi-anlamak","status":"publish","type":"product","link":"https:\/\/mgvpublications.com\/de\/osmanli-gercekleri-2-sorularla-osmanliyi-anlamak\/","title":{"rendered":"Osmanl\u0131 Ger\u00e7ekleri 2 Sorularla Osmanl\u0131&#8217;y\u0131 Anlamak"},"content":{"rendered":"<p>Yay\u0131n Tarihi\t2019-01-16<br \/>\nISBN\t6050827644<br \/>\nBask\u0131 Say\u0131s\u0131\t2. Bask\u0131<br \/>\nDil\tT\u00dcRK\u00c7E<br \/>\nSayfa Say\u0131s\u0131\t288<br \/>\nCilt Tipi\tKarton Kapak<br \/>\nKa\u011f\u0131t Cinsi\tKitap Ka\u011f\u0131d\u0131<br \/>\nBoyut\t13.5 x 21 cm<\/p>","protected":false},"excerpt":{"rendered":"<p>KAYI serisi ile 7\u2019den 70\u2019e herkese ula\u015fan Prof. Dr. Ahmet \u015eim\u015firgil, OSMANLI GER\u00c7EKLER\u0130 dizisinin ikinci kitab\u0131yla da, Osmanl\u0131\u2019n\u0131n kurulu\u015fundan y\u0131k\u0131l\u0131\u015f\u0131na kadarki tart\u0131\u015fmal\u0131 konular\u0131 ak\u0131c\u0131 \u00fcslubu, soru cevap usul\u00fc ve temel kaynak referanslar\u0131 ile a\u00e7\u0131klamaya devam ediyor\u2026<br \/>\n\u2022 Osmanl\u0131 padi\u015fahlar\u0131 Yavuz Sultan Selim\u2019den evvel halife unvan\u0131n\u0131 kulland\u0131lar m\u0131?<br \/>\n\u2022 Yavuz Sultan Selim mukaddes emanetleri zorla m\u0131 al\u0131koydu?<br \/>\n\u2022 Yavuz, seferlerinde neden hep do\u011fuyu se\u00e7ti?<br \/>\n\u2022 Safevi Devleti\u2019nin h\u00fck\u00fcmdar\u0131 \u015eah \u0130smail T\u00fcrk m\u00fcd\u00fcr?<br \/>\n\u2022 Osmanl\u0131 fetihlerindeki ba\u015far\u0131 s\u0131rlar\u0131 nelerdir?<br \/>\n\u2022 Osmanl\u0131\u2019n\u0131n yeni fethetti\u011fi yerlerde uygulam\u0131\u015f oldu\u011fu istimalet politikas\u0131 ne demektir?<br \/>\n\u2022 Osmanl\u0131lar 200 bin ki\u015filik ordular\u0131n ihtiya\u00e7lar\u0131n\u0131 nas\u0131l kar\u015f\u0131l\u0131yorlard\u0131?<br \/>\n\u2022 Osmanl\u0131 Devleti\u2019nin resm\u00ee dili ne idi?<br \/>\n* Osmanl\u0131lar T\u00fcrkleri k\u00f6t\u00fclediler veya \u00f6telediler mi?<br \/>\n\u2022 Yeni\u00e7eriler ile ilgili ilgin\u00e7 detaylar\u2026<br \/>\n\u2022 Tarihin tart\u0131\u015fmal\u0131 isimlerinden biri: \u015eeyh Bedreddin saltanat h\u0131rs\u0131n\u0131n kurban\u0131 m\u0131 oldu?<br \/>\n\u2022 Osmanl\u0131 saray\u0131nda bulunan k\u00f6le ve cariyelerin ak\u0131betleri ne oldu?<\/p>\n<p>Prof. Dr. Ahmet \u015eim\u015firgil, OSMANLI GER\u00c7EKLER\u0130 II\u2019de okurlar\u0131n\u0131n zihnine tak\u0131lan daha pek \u00e7ok ilgi \u00e7ekici meseleyi ayd\u0131nlat\u0131yor\u2026<br \/>\nOnu okuduk\u00e7a tarihi daha \u00e7ok seveceksiniz!<\/p>","protected":false},"featured_media":10366,"template":"","meta":{"spay_email":""},"product_cat":[170],"product_tag":[],"item":[360],"acf":[],"_links":{"self":[{"href":"https:\/\/mgvpublications.com\/de\/wp-json\/wp\/v2\/product\/10365"}],"collection":[{"href":"https:\/\/mgvpublications.com\/de\/wp-json\/wp\/v2\/product"}],"about":[{"href":"https:\/\/mgvpublications.com\/de\/wp-json\/wp\/v2\/types\/product"}],"wp:featuredmedia":[{"embeddable":true,"href":"https:\/\/mgvpublications.com\/de\/wp-json\/wp\/v2\/media\/10366"}],"wp:attachment":[{"href":"https:\/\/mgvpublications.com\/de\/wp-json\/wp\/v2\/media?parent=10365"}],"wp:term":[{"taxonomy":"product_cat","embeddable":true,"href":"https:\/\/mgvpublications.com\/de\/wp-json\/wp\/v2\/product_cat?post=10365"},{"taxonomy":"product_tag","embeddable":true,"href":"https:\/\/mgvpublications.com\/de\/wp-json\/wp\/v2\/product_tag?post=10365"},{"taxonomy":"item","embeddable":true,"href":"https:\/\/mgvpublications.com\/de\/wp-json\/wp\/v2\/item?post=10365"}],"curies":[{"name":"wp","href":"https:\/\/api.w.org\/{rel}","templated":true}]}}