{"id":10356,"date":"2020-12-02T15:42:35","date_gmt":"2020-12-02T14:42:35","guid":{"rendered":"https:\/\/dev2.mgvpublications.com\/produkt\/osmanli-tarihinde-efsaneler-ve-gercekler\/"},"modified":"2022-03-08T22:32:38","modified_gmt":"2022-03-08T21:32:38","slug":"osmanli-tarihinde-efsaneler-ve-gercekler","status":"publish","type":"product","link":"https:\/\/mgvpublications.com\/de\/osmanli-tarihinde-efsaneler-ve-gercekler\/","title":{"rendered":"Osmanl\u0131 Tarihinde Efsaneler ve Ger\u00e7ekler"},"content":{"rendered":"<p>Yay\u0131n Tarihi: 31.08.2020<br \/>ISBN: 9789752430150<br \/>Dil: T\u00dcRK\u00c7E<br \/>Sayfa Say\u0131s\u0131: 272<br \/>Cilt Tipi: Karton Kapak<br \/>Ka\u011f\u0131t Cinsi: Kitap Ka\u011f\u0131d\u0131<br \/>Boyut: 13.5 x 21 cm<\/p>","protected":false},"excerpt":{"rendered":"<p>Osmanl\u0131 tarihinin kaynaklar\u0131na inildi\u011finde bir\u00e7ok abart\u0131lm\u0131\u015f olay ve efsanev\u00ee \u015fahsiyet g\u00f6rmek m\u00fcmk\u00fcn. Bu durumda okurlar \u015fu soruyu sormakta \u00e7ok hakl\u0131: \u201cKaynaklar\u0131 bile b\u00f6yleyse, biz kendi tarihimizi nas\u0131l \u00f6\u011frenece\u011fiz?\u201d \u0130\u015fte bu soruya cevap verebilmek i\u00e7in Osmanl\u0131 tarih\u00e7ili\u011fi konusunda t\u00fcm d\u00fcnyan\u0131n parmakla g\u00f6sterdi\u011fi Halil \u0130nalc\u0131k, \u00f6zel olarak ara\u015ft\u0131rd\u0131\u011f\u0131 18 konuya \u00f6zel bir dosya haz\u0131rlar ve bu dosyaya \u015fu ismi koyar: Osmanl\u0131 Tarihinde Efsaneler ve Ger\u00e7ekler. Halil \u0130nalc\u0131k kitab\u0131na Anadolu\u2019nun T\u00fcrkle\u015fmesi s\u00fcrecinde Rumlarla olan irtibat, \u0130zmir\u2019i fethedip Bizans\u2019\u0131 \u00fcrk\u00fcten T\u00fcrk komutan\u0131 \u00c7aka Bey, son ara\u015ft\u0131rmalar e\u015fli\u011finde Ertu\u011frul Gazi\u2019nin ger\u00e7ek hik\u00e2yesi gibi kurulu\u015f d\u00f6neminin en \u00f6nemli sayfalar\u0131yla ba\u015fl\u0131yor. Kitab\u0131n devam eden sayfalar\u0131 aras\u0131nda \u00c7elebi Mehmed\u2019in iktidar yolu, \u0130stanbul Ku\u015fatmas\u0131\u2019ndaki kritik \u00fc\u00e7 g\u00fcn, \u0130stanbul\u2019un fethi gibi olduk\u00e7a \u015fa\u015f\u0131rt\u0131c\u0131 ve kritik konular mevcut. Bo\u011fazlar\u0131n 800 y\u0131ll\u0131k tarihi ve \u0130stanbul, Sultan II. Osman\u2019\u0131n katli, i\u00e7 sava\u015f d\u00f6neminin en merak edilen \u015fahsiyeti K\u00f6sem Sultan, Sultan I. \u0130brahim\u2019in hal\u2019i ve katli, Osmanl\u0131lar\u0131n Avrupa\u2019da Protestanl\u0131\u011f\u0131n yay\u0131lmas\u0131ndaki rol\u00fc ve son olarak \u0130nalc\u0131k\u2019\u0131n T\u00fcrk Tarih Kongrelerinin de\u011ferlendirmesi ile kitap son buluyor. Ara\u015ft\u0131rmalara \u00f6zg\u00fcnl\u00fck kazand\u0131ran ve birer kan\u0131t de\u011feri ta\u015f\u0131yan foto\u011fraflarla Osmanl\u0131 Tarihinde Efsaneler ve Ger\u00e7ekler\u2019de Halil \u0130nalc\u0131k, koca bir imparatorlu\u011fu yeniden aya\u011fa kald\u0131r\u0131yor. Bu kitap sayesinde, size \u00f6\u011fretilenlerin \u00fczerine daha fazla bilgi koyabilir ya da bildiklerinizin sadece bir efsaneden ibaret oldu\u011funu g\u00f6rebilirsiniz.<\/p>","protected":false},"featured_media":20729,"template":"","meta":{"spay_email":""},"product_cat":[170],"product_tag":[],"item":[729],"acf":[],"_links":{"self":[{"href":"https:\/\/mgvpublications.com\/de\/wp-json\/wp\/v2\/product\/10356"}],"collection":[{"href":"https:\/\/mgvpublications.com\/de\/wp-json\/wp\/v2\/product"}],"about":[{"href":"https:\/\/mgvpublications.com\/de\/wp-json\/wp\/v2\/types\/product"}],"wp:featuredmedia":[{"embeddable":true,"href":"https:\/\/mgvpublications.com\/de\/wp-json\/wp\/v2\/media\/20729"}],"wp:attachment":[{"href":"https:\/\/mgvpublications.com\/de\/wp-json\/wp\/v2\/media?parent=10356"}],"wp:term":[{"taxonomy":"product_cat","embeddable":true,"href":"https:\/\/mgvpublications.com\/de\/wp-json\/wp\/v2\/product_cat?post=10356"},{"taxonomy":"product_tag","embeddable":true,"href":"https:\/\/mgvpublications.com\/de\/wp-json\/wp\/v2\/product_tag?post=10356"},{"taxonomy":"item","embeddable":true,"href":"https:\/\/mgvpublications.com\/de\/wp-json\/wp\/v2\/item?post=10356"}],"curies":[{"name":"wp","href":"https:\/\/api.w.org\/{rel}","templated":true}]}}