{"id":10354,"date":"2020-02-05T20:56:11","date_gmt":"2020-02-05T19:56:11","guid":{"rendered":"https:\/\/dev2.mgvpublications.com\/produkt\/tuerklerin-tarihi\/"},"modified":"2022-10-30T10:41:57","modified_gmt":"2022-10-30T09:41:57","slug":"tuerklerin-tarihi","status":"publish","type":"product","link":"https:\/\/mgvpublications.com\/de\/tuerklerin-tarihi\/","title":{"rendered":"T\u00fcrklerin Tarihi"},"content":{"rendered":"<p>Payla\u015f<br \/>\nKapak: Ravza K\u0131z\u0131ltu\u011f<br \/>\nYay\u0131n Tarihi 2019-10-08<br \/>\nISBN 6050819267<br \/>\nBask\u0131 Say\u0131s\u0131 32. Bask\u0131<br \/>\nDil T\u00dcRK\u00c7E<br \/>\nSayfa Say\u0131s\u0131 320<br \/>\nCilt Tipi Karton Kapak<br \/>\nKa\u011f\u0131t Cinsi Kitap Ka\u011f\u0131d\u0131<br \/>\nBoyut 13.5 x 21 cm<\/p>","protected":false},"excerpt":{"rendered":"<p>\u201cKoca bir kavmin binlerce kilometreyi \u00fc\u00e7 as\u0131r i\u00e7inde ge\u00e7ti\u011fini d\u00fc\u015f\u00fcn\u00fcn\u2026 Bu, d\u00fcnyay\u0131 de\u011fi\u015ftirmez de ne yapar? \u0130\u015fte T\u00fcrkler d\u00fcnyay\u0131 b\u00f6yle de\u011fi\u015ftirdi. Bu sebeple, bizim hayal\u00ee bir tarih ve kahramanlar \u00fcretmeye de\u011fil, yaln\u0131zca do\u011fruyu \u00f6\u011frenmeye ihtiyac\u0131m\u0131z var\u2026\u201d \u0130LBER ORTAYLI<br \/>\nT\u00fcrklerin Tarihi, g\u00f6\u00e7ebe bir kavimken Ortado\u011fu\u2019nun g\u00fc\u00e7l\u00fc uygarl\u0131klar\u0131ndan birini tesis eden T\u00fcrklerin g\u00fcn\u00fcm\u00fczde de \u00e7ok konu\u015fulan men\u015fei tart\u0131\u015fmalar\u0131yla ba\u015fl\u0131yor. Akabinde Orta Asya\u2019dan Anadolu\u2019ya g\u00f6\u00e7 edip b\u00f6lgeyi T\u00fcrkle\u015ftirmeleri ve orada in\u015fa ettikleri k\u00fclt\u00fcr\u00fcn esaslar\u0131\u2026<br \/>\nB\u00fcy\u00fck bir mirasa, g\u00fc\u00e7l\u00fc bir yap\u0131lanmaya ve tarih\u00ee bir zenginli\u011fe sahip bir milletin, T\u00fcrklerin ad\u0131n\u0131n nereden geldi\u011fi ve bu co\u011frafyaya ne zamandan beri \u201cT\u00fcrkiye\u201d dendi\u011fi tart\u0131\u015fmalar\u0131n\u0131n t\u00fcm detaylar\u0131\u2026<br \/>\nKazan\u0131lan \u00f6nemli sava\u015flar ve geri \u00e7ekilmelerle, dahas\u0131 \u0131zd\u0131rabl\u0131 toprak kay\u0131plar\u0131yla bug\u00fcnk\u00fc halini alan Anadolu\u2019nun hik\u00e2yesi\u2026<br \/>\nT\u00fcrkiye\u2019nin Malazgirt Sava\u015f\u0131\u2019yla Bosna\u2019n\u0131n fethi aras\u0131ndaki 400 y\u0131l boyunca Avrupa a\u00e7\u0131s\u0131ndan \u00f6nemli bir \u00fclke ve ba\u015f edilmesi gereken bir sorun olmas\u0131n\u0131n gerek\u00e7eleri\u2026<br \/>\nDahas\u0131 O\u011fuzlardan K\u0131p\u00e7aklara, Pe\u00e7eneklerden Sel\u00e7uklulara ve b\u00fcy\u00fck bir imparatorluk olan Osmanl\u0131lara kadar uzanan ve sadece T\u00fcrklerin de\u011fil; Ruslar\u0131n, Memluklular\u0131n, Karakoyunlular\u0131n, Gaznelilerin, Safevilerin, \u00c7inlilerin, Hintlerin ve Araplar\u0131n tarihi\u2026<br \/>\nYani ayn\u0131 co\u011frafyay\u0131 y\u00fczy\u0131llar boyunca payla\u015fan uygarl\u0131klara hep etki etmi\u015f ve Do\u011fu ve Bat\u0131 k\u00fclt\u00fcrlerini birbirine ta\u015f\u0131makta \u00f6nemli bir rol oynam\u0131\u015f T\u00fcrklerin d\u00fcnya tarihindeki yeri mercek alt\u0131na al\u0131n\u0131yor. Orta Asya\u2019n\u0131n bozk\u0131rlar\u0131ndan Avrupa\u2019n\u0131n kap\u0131lar\u0131na, \u0130lber Ortayl\u0131\u2019n\u0131n sat\u0131rlar\u0131 aras\u0131nda dola\u015fmak isteyen her ya\u015ftan okurun zevkle okuyaca\u011f\u0131 bir ba\u015fucu kitab\u0131&#8230;<\/p>","protected":false},"featured_media":10355,"template":"","meta":{"spay_email":""},"product_cat":[170],"product_tag":[],"item":[360],"acf":[],"_links":{"self":[{"href":"https:\/\/mgvpublications.com\/de\/wp-json\/wp\/v2\/product\/10354"}],"collection":[{"href":"https:\/\/mgvpublications.com\/de\/wp-json\/wp\/v2\/product"}],"about":[{"href":"https:\/\/mgvpublications.com\/de\/wp-json\/wp\/v2\/types\/product"}],"wp:featuredmedia":[{"embeddable":true,"href":"https:\/\/mgvpublications.com\/de\/wp-json\/wp\/v2\/media\/10355"}],"wp:attachment":[{"href":"https:\/\/mgvpublications.com\/de\/wp-json\/wp\/v2\/media?parent=10354"}],"wp:term":[{"taxonomy":"product_cat","embeddable":true,"href":"https:\/\/mgvpublications.com\/de\/wp-json\/wp\/v2\/product_cat?post=10354"},{"taxonomy":"product_tag","embeddable":true,"href":"https:\/\/mgvpublications.com\/de\/wp-json\/wp\/v2\/product_tag?post=10354"},{"taxonomy":"item","embeddable":true,"href":"https:\/\/mgvpublications.com\/de\/wp-json\/wp\/v2\/item?post=10354"}],"curies":[{"name":"wp","href":"https:\/\/api.w.org\/{rel}","templated":true}]}}