{"id":10295,"date":"2020-12-02T15:42:35","date_gmt":"2020-12-02T14:42:35","guid":{"rendered":"https:\/\/dev2.mgvpublications.com\/produkt\/kitle-psikolojisi\/"},"modified":"2022-03-08T22:32:38","modified_gmt":"2022-03-08T21:32:38","slug":"kitle-psikolojisi","status":"publish","type":"product","link":"https:\/\/mgvpublications.com\/de\/kitle-psikolojisi\/","title":{"rendered":"Kitle Psikolojisi"},"content":{"rendered":"<p>\u00c7evirmen: Kamuran \u015eipal<br \/>Yay\u0131n Tarihi: 16.07.2020<br \/>ISBN: 9786057995087<br \/>Dil: T\u00dcRK\u00c7E<br \/>Sayfa Say\u0131s\u0131: 112<br \/>Cilt Tipi: Karton Kapak<br \/>Ka\u011f\u0131t Cinsi: 3. Hm. Ka\u011f\u0131t<br \/>Boyut: 13.5 x 19.5 cm<\/p>","protected":false},"excerpt":{"rendered":"<p>&#8220;&#8230; Bireysel psikolojiyle toplum ya da kitle psikolojisi aras\u0131nda ilk bak\u0131\u015fta bize pek \u00f6nemli g\u00f6r\u00fcnebilecek kar\u015f\u0131tl\u0131k, konuyu biraz derinli\u011fine ele ald\u0131\u011f\u0131m\u0131z zaman enikonu yitirir sivrili\u011fini. Ger\u00e7i bireysel psikoloji tek insan \u00fczerine e\u011filir ve onun i\u00e7g\u00fcd\u00fcsel gereksinimlerine hangi yollardan doyum sa\u011flamaya \u00e7al\u0131\u015ft\u0131\u011f\u0131n\u0131 ara\u015ft\u0131r\u0131r.<\/p>","protected":false},"featured_media":20773,"template":"","meta":{"spay_email":""},"product_cat":[175],"product_tag":[],"item":[823],"acf":[],"_links":{"self":[{"href":"https:\/\/mgvpublications.com\/de\/wp-json\/wp\/v2\/product\/10295"}],"collection":[{"href":"https:\/\/mgvpublications.com\/de\/wp-json\/wp\/v2\/product"}],"about":[{"href":"https:\/\/mgvpublications.com\/de\/wp-json\/wp\/v2\/types\/product"}],"wp:featuredmedia":[{"embeddable":true,"href":"https:\/\/mgvpublications.com\/de\/wp-json\/wp\/v2\/media\/20773"}],"wp:attachment":[{"href":"https:\/\/mgvpublications.com\/de\/wp-json\/wp\/v2\/media?parent=10295"}],"wp:term":[{"taxonomy":"product_cat","embeddable":true,"href":"https:\/\/mgvpublications.com\/de\/wp-json\/wp\/v2\/product_cat?post=10295"},{"taxonomy":"product_tag","embeddable":true,"href":"https:\/\/mgvpublications.com\/de\/wp-json\/wp\/v2\/product_tag?post=10295"},{"taxonomy":"item","embeddable":true,"href":"https:\/\/mgvpublications.com\/de\/wp-json\/wp\/v2\/item?post=10295"}],"curies":[{"name":"wp","href":"https:\/\/api.w.org\/{rel}","templated":true}]}}