{"id":10263,"date":"2020-01-31T05:09:05","date_gmt":"2020-01-31T04:09:05","guid":{"rendered":"https:\/\/dev2.mgvpublications.com\/produkt\/duenyanin-sonu-2\/"},"modified":"2025-04-26T19:32:50","modified_gmt":"2025-04-26T17:32:50","slug":"duenyanin-sonu-2","status":"publish","type":"product","link":"https:\/\/mgvpublications.com\/de\/duenyanin-sonu-2\/","title":{"rendered":"D\u00fcnyan\u0131n Sonu 2"},"content":{"rendered":"<p>Yay\u0131n Tarihi 2019-11-11<br \/>\nISBN 6054952151<br \/>\nBask\u0131 Say\u0131s\u0131 1. Bask\u0131<br \/>\nDil T\u00dcRK\u00c7E<br \/>\nSayfa Say\u0131s\u0131 147<br \/>\nCilt Tipi Karton Kapak<br \/>\nKa\u011f\u0131t Cinsi Kitap Ka\u011f\u0131d\u0131<br \/>\nBoyut 13.5 x 21 cm<\/p>","protected":false},"excerpt":{"rendered":"<p>K\u0131yametin 72 K\u00fc\u00e7\u00fck Alameti<br \/>\nK\u0131yametin 10 b\u00fcy\u00fck alametinden \u00f6nce meydana gelecek 72 k\u00fc\u00e7\u00fck alamet 112 Hadis-i \u015eerif&#8217;te topland\u0131.Kitab\u0131n ba\u015f\u0131nda tek tek s\u0131ralanan alametler sonras\u0131nda par\u00e7a par\u00e7a birle\u015ftiriliyor ve tek bir Hadis-i \u015eerif&#8217;te toplan\u0131yor.<br \/>\nBu ya\u015fad\u0131\u011f\u0131m\u0131z d\u00f6nemde bahse konu olan hadisler varm\u0131? Bu hadislerden ve alametlerden ne kadar\u0131n\u0131 biliyoruz? Kendimizi, ailemizi ve ya\u015fad\u0131\u011f\u0131m\u0131z toplumu bu hadislerde ge\u00e7en k\u00f6t\u00fcl\u00fcklerden koruyabilir miyiz? Akl\u0131n\u0131za tak\u0131lan daha bir \u00e7ok soruya cevaplar bulabilece\u011finiz bir eser.<\/p>","protected":false},"featured_media":10264,"template":"","meta":{"spay_email":""},"product_cat":[174],"product_tag":[],"item":[335],"acf":[],"_links":{"self":[{"href":"https:\/\/mgvpublications.com\/de\/wp-json\/wp\/v2\/product\/10263"}],"collection":[{"href":"https:\/\/mgvpublications.com\/de\/wp-json\/wp\/v2\/product"}],"about":[{"href":"https:\/\/mgvpublications.com\/de\/wp-json\/wp\/v2\/types\/product"}],"wp:featuredmedia":[{"embeddable":true,"href":"https:\/\/mgvpublications.com\/de\/wp-json\/wp\/v2\/media\/10264"}],"wp:attachment":[{"href":"https:\/\/mgvpublications.com\/de\/wp-json\/wp\/v2\/media?parent=10263"}],"wp:term":[{"taxonomy":"product_cat","embeddable":true,"href":"https:\/\/mgvpublications.com\/de\/wp-json\/wp\/v2\/product_cat?post=10263"},{"taxonomy":"product_tag","embeddable":true,"href":"https:\/\/mgvpublications.com\/de\/wp-json\/wp\/v2\/product_tag?post=10263"},{"taxonomy":"item","embeddable":true,"href":"https:\/\/mgvpublications.com\/de\/wp-json\/wp\/v2\/item?post=10263"}],"curies":[{"name":"wp","href":"https:\/\/api.w.org\/{rel}","templated":true}]}}