{"id":10256,"date":"2020-01-31T04:35:54","date_gmt":"2020-01-31T03:35:54","guid":{"rendered":"https:\/\/dev2.mgvpublications.com\/produkt\/can-veren-pervaneler-6\/"},"modified":"2022-03-08T22:32:36","modified_gmt":"2022-03-08T21:32:36","slug":"can-veren-pervaneler-6","status":"publish","type":"product","link":"https:\/\/mgvpublications.com\/de\/can-veren-pervaneler-6\/","title":{"rendered":"Can Veren Pervaneler 6"},"content":{"rendered":"<p>Yay\u0131n Tarihi 2019-11-30<br \/>\nISBN 6059059831<br \/>\nBask\u0131 Say\u0131s\u0131 1. Bask\u0131<br \/>\nDil T\u00dcRK\u00c7E<br \/>\nSayfa Say\u0131s\u0131 144<br \/>\nCilt Tipi Karton Kapak<br \/>\nKa\u011f\u0131t Cinsi Kitap Ka\u011f\u0131d\u0131<br \/>\nBoyut 13.5 x 21 cm<\/p>","protected":false},"excerpt":{"rendered":"<p>A\u015fk\u0131n anayasas\u0131 madde bir: Ayr\u0131l\u0131k!<br \/>\nA\u015fkta kavu\u015fmak olmaz. A\u015fk dedi\u011finiz \u015fey kavu\u015fmay\u0131 katiyen kabul<br \/>\netmez.<br \/>\nA\u015f\u0131\u011f\u0131n i\u00e7i titrer, a\u011flar s\u0131zlar kavu\u015fmak i\u00e7in.<br \/>\nAma o, kavu\u015fman\u0131n yak\u0131n\u0131ndan dahi ge\u00e7ecek olsa, kavu\u015fsa,<br \/>\nkavu\u015ftu\u011funda yanaca\u011f\u0131n\u0131 bildi\u011finden, kavu\u015fulmasa derdindedir.<br \/>\nA\u011flamas\u0131 \u015fart! Fakat a\u011flaman\u0131n da bir \u015fart\u0131 var:<br \/>\nA\u011flayacaksan, g\u00f6zlerinden akan ya\u015f bildi\u011fimiz ya\u015f olursa , saymam,<br \/>\nkabul etmem. Kan a\u011flamas\u0131 icap eder a\u015f\u0131\u011f\u0131n.<br \/>\nVe demelidir ki a\u015f\u0131k;<br \/>\nD\u00fcnyan\u0131n tac\u0131n\u0131n, taht\u0131n\u0131n saltanat\u0131n\u0131n tamam\u0131n\u0131 bana verseler ey<br \/>\nsevgili, senin k\u00f6y\u00fcn\u00fcn \u00e7evresini terk edip de, o tac\u0131 ba\u015f\u0131ma al\u0131p,<br \/>\nbahtiyarl\u0131k taslamam.<br \/>\nE\u011fer a\u015fk\u0131n kanunu yaz\u0131lacaksa yeniden, zaman\u0131nda yazm\u0131\u015flar i\u015fte!<br \/>\nYeniden yazmaya ne hacet?<br \/>\nAmma mesele \u015fu:<br \/>\nA\u015fk nedir?<br \/>\nVe hangi a\u015fk?<\/p>","protected":false},"featured_media":10257,"template":"","meta":{"spay_email":""},"product_cat":[168],"product_tag":[],"item":[702],"acf":[],"_links":{"self":[{"href":"https:\/\/mgvpublications.com\/de\/wp-json\/wp\/v2\/product\/10256"}],"collection":[{"href":"https:\/\/mgvpublications.com\/de\/wp-json\/wp\/v2\/product"}],"about":[{"href":"https:\/\/mgvpublications.com\/de\/wp-json\/wp\/v2\/types\/product"}],"wp:featuredmedia":[{"embeddable":true,"href":"https:\/\/mgvpublications.com\/de\/wp-json\/wp\/v2\/media\/10257"}],"wp:attachment":[{"href":"https:\/\/mgvpublications.com\/de\/wp-json\/wp\/v2\/media?parent=10256"}],"wp:term":[{"taxonomy":"product_cat","embeddable":true,"href":"https:\/\/mgvpublications.com\/de\/wp-json\/wp\/v2\/product_cat?post=10256"},{"taxonomy":"product_tag","embeddable":true,"href":"https:\/\/mgvpublications.com\/de\/wp-json\/wp\/v2\/product_tag?post=10256"},{"taxonomy":"item","embeddable":true,"href":"https:\/\/mgvpublications.com\/de\/wp-json\/wp\/v2\/item?post=10256"}],"curies":[{"name":"wp","href":"https:\/\/api.w.org\/{rel}","templated":true}]}}