{"id":10252,"date":"2020-01-31T04:16:01","date_gmt":"2020-01-31T03:16:01","guid":{"rendered":"https:\/\/dev2.mgvpublications.com\/produkt\/sabir\/"},"modified":"2022-03-08T22:32:36","modified_gmt":"2022-03-08T21:32:36","slug":"sabir","status":"publish","type":"product","link":"https:\/\/mgvpublications.com\/de\/sabir\/","title":{"rendered":"Sab\u0131r"},"content":{"rendered":"<p>Yay\u0131n Tarihi\t2018-11-13<br \/>\nISBN\t6058133129<br \/>\nBask\u0131 Say\u0131s\u0131\t1. Bask\u0131<br \/>\nDil\tT\u00dcRK\u00c7E<br \/>\nSayfa Say\u0131s\u0131\t148<br \/>\nCilt Tipi\tKarton Kapak<br \/>\nKa\u011f\u0131t Cinsi\tKitap Ka\u011f\u0131d\u0131<br \/>\nBoyut\t13.5 x 21 cm<\/p>","protected":false},"excerpt":{"rendered":"<p>\u0130lk kitab\u0131m olan Sab\u0131r\u2019\u0131, ir\u015fat ve tebli\u011f i\u00e7in kurdu\u011fum sosyal medya hesaplar\u0131mdan ilham alarak yazd\u0131m. G\u00fcndelik hayattan bilgilerle kar\u015f\u0131la\u015faca\u011f\u0131n\u0131z i\u00e7in kendinizden \u00f6nemli bir par\u00e7a bulaca\u011f\u0131n\u0131z\u0131 ve t\u00fcrl\u00fc imtihanlarla dolu d\u00fcnya yolculu\u011funda samimi bir yol arkada\u015f\u0131 olmas\u0131n\u0131 \u00fcmit ediyorum. Sab\u0131r kitab\u0131, karanl\u0131klarla kar\u015f\u0131la\u015facak olan okuyucusuna \u0131\u015f\u0131k olur, nefes ald\u0131r\u0131r, umut a\u015f\u0131lar ve Rabbini hat\u0131rlat\u0131r.<\/p>","protected":false},"featured_media":10253,"template":"","meta":{"spay_email":""},"product_cat":[168,232],"product_tag":[],"item":[846],"acf":[],"_links":{"self":[{"href":"https:\/\/mgvpublications.com\/de\/wp-json\/wp\/v2\/product\/10252"}],"collection":[{"href":"https:\/\/mgvpublications.com\/de\/wp-json\/wp\/v2\/product"}],"about":[{"href":"https:\/\/mgvpublications.com\/de\/wp-json\/wp\/v2\/types\/product"}],"wp:featuredmedia":[{"embeddable":true,"href":"https:\/\/mgvpublications.com\/de\/wp-json\/wp\/v2\/media\/10253"}],"wp:attachment":[{"href":"https:\/\/mgvpublications.com\/de\/wp-json\/wp\/v2\/media?parent=10252"}],"wp:term":[{"taxonomy":"product_cat","embeddable":true,"href":"https:\/\/mgvpublications.com\/de\/wp-json\/wp\/v2\/product_cat?post=10252"},{"taxonomy":"product_tag","embeddable":true,"href":"https:\/\/mgvpublications.com\/de\/wp-json\/wp\/v2\/product_tag?post=10252"},{"taxonomy":"item","embeddable":true,"href":"https:\/\/mgvpublications.com\/de\/wp-json\/wp\/v2\/item?post=10252"}],"curies":[{"name":"wp","href":"https:\/\/api.w.org\/{rel}","templated":true}]}}