{"id":10248,"date":"2020-01-31T04:03:15","date_gmt":"2020-01-31T03:03:15","guid":{"rendered":"https:\/\/dev2.mgvpublications.com\/produkt\/zambak-operasyonu\/"},"modified":"2022-03-08T22:32:35","modified_gmt":"2022-03-08T21:32:35","slug":"zambak-operasyonu","status":"publish","type":"product","link":"https:\/\/mgvpublications.com\/de\/zambak-operasyonu\/","title":{"rendered":"Zambak Operasyonu"},"content":{"rendered":"<p>Yay\u0131n Tarihi\t2019-12-05<br \/>\nISBN\t6052173435<br \/>\nBask\u0131 Say\u0131s\u0131\t1. Bask\u0131<br \/>\nDil\tT\u00dcRK\u00c7E<br \/>\nSayfa Say\u0131s\u0131\t210<br \/>\nCilt Tipi\tKarton Kapak<br \/>\nKa\u011f\u0131t Cinsi\tKitap Ka\u011f\u0131d\u0131<br \/>\nBoyut\t13.5 x 21 cm<\/p>","protected":false},"excerpt":{"rendered":"<p>Konteyner ile duvar\u0131n aras\u0131na s\u0131k\u0131\u015fm\u0131\u015f bir cesetti onlar\u0131 deh\u015fete d\u00fc\u015f\u00fcren. Aln\u0131n\u0131n tam ortas\u0131nda bir kur\u015fun deli\u011fi vard\u0131 ve g\u00f6zleri, son g\u00f6rd\u00fckleri kar\u015f\u0131s\u0131nda deh\u015fet doluydu.<br \/>\nKaranl\u0131k bir k\u00f6\u015fede s\u0131r dolu cinayet ile ba\u015flayan olaylar\u0131n silsilesinde s\u0131r perdesi araland\u0131\u011f\u0131nda kendinizi, bir polisiye roman\u0131n ba\u015fkahraman\u0131 ard\u0131na tak\u0131lm\u0131\u015f; heyecan, \u00f6fke, merak ve stresin kaplayaca\u011f\u0131 bir bu\u011frana dalarak &#8220;DER\u0130N DEVLET&#8221; ile tan\u0131\u015facak ve amans\u0131z bir kovalamacan\u0131n pe\u015fine d\u00fc\u015feceksiniz.<br \/>\nS\u0131r dolu olaylar\u0131 kahraman\u0131m\u0131zla beraber \u00e7\u00f6zerken, intikam almak i\u00e7in sab\u0131rs\u0131zlanacaks\u0131n\u0131z.<\/p>","protected":false},"featured_media":10249,"template":"","meta":{"spay_email":""},"product_cat":[168],"product_tag":[],"item":[704],"acf":[],"_links":{"self":[{"href":"https:\/\/mgvpublications.com\/de\/wp-json\/wp\/v2\/product\/10248"}],"collection":[{"href":"https:\/\/mgvpublications.com\/de\/wp-json\/wp\/v2\/product"}],"about":[{"href":"https:\/\/mgvpublications.com\/de\/wp-json\/wp\/v2\/types\/product"}],"wp:featuredmedia":[{"embeddable":true,"href":"https:\/\/mgvpublications.com\/de\/wp-json\/wp\/v2\/media\/10249"}],"wp:attachment":[{"href":"https:\/\/mgvpublications.com\/de\/wp-json\/wp\/v2\/media?parent=10248"}],"wp:term":[{"taxonomy":"product_cat","embeddable":true,"href":"https:\/\/mgvpublications.com\/de\/wp-json\/wp\/v2\/product_cat?post=10248"},{"taxonomy":"product_tag","embeddable":true,"href":"https:\/\/mgvpublications.com\/de\/wp-json\/wp\/v2\/product_tag?post=10248"},{"taxonomy":"item","embeddable":true,"href":"https:\/\/mgvpublications.com\/de\/wp-json\/wp\/v2\/item?post=10248"}],"curies":[{"name":"wp","href":"https:\/\/api.w.org\/{rel}","templated":true}]}}