{"id":10244,"date":"2020-01-31T03:49:52","date_gmt":"2020-01-31T02:49:52","guid":{"rendered":"https:\/\/dev2.mgvpublications.com\/produkt\/iyi-hissetmek-bir-secimdir\/"},"modified":"2022-03-08T22:32:35","modified_gmt":"2022-03-08T21:32:35","slug":"iyi-hissetmek-bir-secimdir","status":"publish","type":"product","link":"https:\/\/mgvpublications.com\/de\/iyi-hissetmek-bir-secimdir\/","title":{"rendered":"\u0130yi Hissetmek Bir Se\u00e7imdir"},"content":{"rendered":"<p>Yay\u0131n Tarihi 2019-11-26<br \/>\nISBN 6053117124<br \/>\nBask\u0131 Say\u0131s\u0131 1. Bask\u0131<br \/>\nDil T\u00dcRK\u00c7E<br \/>\nSayfa Say\u0131s\u0131 280<br \/>\nCilt Tipi Karton Kapak<br \/>\nKa\u011f\u0131t Cinsi Kitap Ka\u011f\u0131d\u0131<br \/>\nBoyut 13.5 x 21 cm<\/p>","protected":false},"excerpt":{"rendered":"<p>Seni mutsuz eden hi\u00e7bir \u015feye ihtiyac\u0131n yok.<\/p>\n<p>\u201cSana kendini k\u00f6t\u00fc hissettiren her \u015feye arkan\u0131 d\u00f6n, hem de hi\u00e7 d\u00fc\u015f\u00fcnmeden.<br \/>\nNerede mutlu, nerede \u00f6zg\u00fcr ve iyi hissediyorsan oraya git.<br \/>\nSeni mutlu etmeyen hi\u00e7bir \u015feye bir dakikan\u0131 bile harcama, zaman\u0131n k\u0131s\u0131tl\u0131.<br \/>\n\u0130yi yiyecekler yersen iyi hissedersin.<br \/>\nT\u0131pk\u0131 iyi enerjiler gibi.<br \/>\nDaha \u00e7ok kitap oku, kendine sa\u011fl\u0131kl\u0131 yemekler yapmay\u0131 \u00f6\u011fren, daha iyi kahveler i\u00e7.<br \/>\nKendini sev \u00f6nce, sonra seversin zaten geri kalan her \u015feyi de.<br \/>\nAksini s\u00f6yleyene g\u00fcl ge\u00e7.<br \/>\nHatta bir\u00e7ok \u015feye g\u00fcl ge\u00e7.<br \/>\nHepsi sand\u0131\u011f\u0131n kadar \u00f6nemli de\u011fil.<br \/>\nKendine inan, hi\u00e7 kimseye inanmad\u0131\u011f\u0131n kadar&#8230;<br \/>\nKendine de\u011fer ver ve \u00f6nemse ama ukala olma asla.<br \/>\nAnla\u015f\u0131lmad\u0131\u011f\u0131n yerde zorlama, herkesin \u0131\u015f\u0131\u011f\u0131 yetmez seni anlamaya.<br \/>\nD\u0131\u015far\u0131 \u00e7\u0131k, y\u00fcr\u00fc, ko\u015f ya da sadece i\u00e7ine \u00e7ek havay\u0131 ama hisset hissedebiliyorken ya\u015fad\u0131\u011f\u0131n\u0131.<br \/>\nZaman\u0131n k\u0131s\u0131tl\u0131.<br \/>\nNerede daha mutluysan oraya git.<br \/>\nSeni ne mutlu ediyorsa onu yap.\u201d<\/p>","protected":false},"featured_media":10245,"template":"","meta":{"spay_email":""},"product_cat":[166,175],"product_tag":[],"item":[1350],"acf":[],"_links":{"self":[{"href":"https:\/\/mgvpublications.com\/de\/wp-json\/wp\/v2\/product\/10244"}],"collection":[{"href":"https:\/\/mgvpublications.com\/de\/wp-json\/wp\/v2\/product"}],"about":[{"href":"https:\/\/mgvpublications.com\/de\/wp-json\/wp\/v2\/types\/product"}],"wp:featuredmedia":[{"embeddable":true,"href":"https:\/\/mgvpublications.com\/de\/wp-json\/wp\/v2\/media\/10245"}],"wp:attachment":[{"href":"https:\/\/mgvpublications.com\/de\/wp-json\/wp\/v2\/media?parent=10244"}],"wp:term":[{"taxonomy":"product_cat","embeddable":true,"href":"https:\/\/mgvpublications.com\/de\/wp-json\/wp\/v2\/product_cat?post=10244"},{"taxonomy":"product_tag","embeddable":true,"href":"https:\/\/mgvpublications.com\/de\/wp-json\/wp\/v2\/product_tag?post=10244"},{"taxonomy":"item","embeddable":true,"href":"https:\/\/mgvpublications.com\/de\/wp-json\/wp\/v2\/item?post=10244"}],"curies":[{"name":"wp","href":"https:\/\/api.w.org\/{rel}","templated":true}]}}