{"id":10219,"date":"2020-01-31T02:30:01","date_gmt":"2020-01-31T01:30:01","guid":{"rendered":"https:\/\/dev2.mgvpublications.com\/produkt\/tuerkiye-abd-iliskilerinin-psikolojisi\/"},"modified":"2022-03-08T22:32:33","modified_gmt":"2022-03-08T21:32:33","slug":"tuerkiye-abd-iliskilerinin-psikolojisi","status":"publish","type":"product","link":"https:\/\/mgvpublications.com\/de\/tuerkiye-abd-iliskilerinin-psikolojisi\/","title":{"rendered":"T\u00fcrkiye ABD \u0130li\u015fkilerinin Psikolojisi"},"content":{"rendered":"<p>Yay\u0131n Tarihi 2018-01-26<br \/>\nISBN 9753524605<br \/>\nBask\u0131 Say\u0131s\u0131 1. Bask\u0131<br \/>\nDil T\u00dcRK\u00c7E<br \/>\nSayfa Say\u0131s\u0131 632<br \/>\nCilt Tipi Karton Kapak<br \/>\nKa\u011f\u0131t Cinsi Kitap Ka\u011f\u0131d\u0131<br \/>\nBoyut 14 x 21 cm<\/p>","protected":false},"excerpt":{"rendered":"<p>Missouri Gemisi \u0130stanbul&#8217;a demirledi\u011finde takvim yapraklar\u0131 5 Nisan 1946 Cuma g\u00fcn\u00fcn\u00fc g\u00f6steriyordu. \u0130kinci D\u00fcnya Sava\u015f\u0131 bitimindeki bu kritik tarih, Cumhuriyet T\u00fcrkiye&#8217;sinin kaderini \u015fekillendirecek geli\u015fmelerin ba\u015flang\u0131c\u0131yd\u0131. Mecliste yap\u0131lan konu\u015fmalar ve gazetelerde yay\u0131mlanan yaz\u0131lar ABD&#8217;nin T\u00fcrkiye&#8217;de sempatiyle an\u0131ld\u0131\u011f\u0131n\u0131, iyiliksever, koruyucu ve kurtar\u0131c\u0131 bir imgeyle ba\u015f tac\u0131 edildi\u011fini hatta kutsand\u0131\u011f\u0131n\u0131 g\u00f6steriyordu. Ba\u015fbakan \u015e\u00fckr\u00fc Sara\u00e7o\u011flu i\u00e7in ABD &#8220;D\u00fcnyan\u0131n en m\u00fckemmel \u00e7ocu\u011fu&#8221; idi. CHP vekili Muhittin Baha Pars Amerikan Ba\u015fkan\u0131 Roosevelt i\u00e7in &#8220;Peygamber gibi temiz ve kusursuz&#8221; nitelemesinde bulunmu\u015ftu. Celal Bayar ise T\u00fcrkiye i\u00e7in NATO&#8217;nun &#8220;imanl\u0131 bir uzvu&#8221; diyordu. T\u00fcrkiye&#8217;nin siyasal ve k\u00fclt\u00fcrel elitine hakim olan bu duygusal atmosfer yakla\u015f\u0131k yirmi y\u0131l boyunca devam etti. 5 Haziran 1964 g\u00fcn\u00fc ABD Ba\u015fkan\u0131 Lyndon Johnson taraf\u0131ndan \u0130smet \u0130n\u00f6n\u00fc&#8217;ye yaz\u0131lan mektup, T\u00fcrkiye&#8217;deki yerle\u015fik Amerikan romantizmini sarst\u0131. O g\u00fcnden sonra T\u00fcrkiye ABD ili\u015fkileri hi\u00e7 bir zaman 1950&#8217;lerdeki alt\u0131n y\u0131llar\u0131na d\u00f6nemese de, ABD&#8217;nin T\u00fcrkiye \u00fczerindeki belirleyici etkisi devam etti.<\/p>","protected":false},"featured_media":10220,"template":"","meta":{"spay_email":""},"product_cat":[175,173],"product_tag":[],"item":[399],"acf":[],"_links":{"self":[{"href":"https:\/\/mgvpublications.com\/de\/wp-json\/wp\/v2\/product\/10219"}],"collection":[{"href":"https:\/\/mgvpublications.com\/de\/wp-json\/wp\/v2\/product"}],"about":[{"href":"https:\/\/mgvpublications.com\/de\/wp-json\/wp\/v2\/types\/product"}],"wp:featuredmedia":[{"embeddable":true,"href":"https:\/\/mgvpublications.com\/de\/wp-json\/wp\/v2\/media\/10220"}],"wp:attachment":[{"href":"https:\/\/mgvpublications.com\/de\/wp-json\/wp\/v2\/media?parent=10219"}],"wp:term":[{"taxonomy":"product_cat","embeddable":true,"href":"https:\/\/mgvpublications.com\/de\/wp-json\/wp\/v2\/product_cat?post=10219"},{"taxonomy":"product_tag","embeddable":true,"href":"https:\/\/mgvpublications.com\/de\/wp-json\/wp\/v2\/product_tag?post=10219"},{"taxonomy":"item","embeddable":true,"href":"https:\/\/mgvpublications.com\/de\/wp-json\/wp\/v2\/item?post=10219"}],"curies":[{"name":"wp","href":"https:\/\/api.w.org\/{rel}","templated":true}]}}