{"id":10209,"date":"2020-01-31T02:06:48","date_gmt":"2020-01-31T01:06:48","guid":{"rendered":"https:\/\/dev2.mgvpublications.com\/produkt\/okyanus-ve-damla\/"},"modified":"2022-04-07T14:34:57","modified_gmt":"2022-04-07T12:34:57","slug":"okyanus-ve-damla","status":"publish","type":"product","link":"https:\/\/mgvpublications.com\/de\/okyanus-ve-damla\/","title":{"rendered":"Okyanus ve Damla"},"content":{"rendered":"<p>Yay\u0131n Tarihi: 31.08.2016<br \/>ISBN: 9786050823752<br \/>Dil: T\u00dcRK\u00c7E<br \/>Sayfa Say\u0131s\u0131: 256<br \/>Cilt Tipi: Karton Kapak<br \/>Ka\u011f\u0131t Cinsi: Kitap Ka\u011f\u0131d\u0131<br \/>Boyut: 13.5 x 21 cm<\/p>","protected":false},"excerpt":{"rendered":"<p>Hayat\u0131n kendisi ba\u015fl\u0131 ba\u015f\u0131na Rabbimize do\u011fru bir yolculuktur; durmaks\u0131z\u0131n devam eder&#8230; Burada kal\u0131c\u0131 oldu\u011funu zanneden insan en b\u00fcy\u00fck yan\u0131lg\u0131 i\u00e7erisinde de\u011fil midir? Ya\u015fanan k\u00fc\u00e7\u00fck b\u00fcy\u00fck her bir olay, her bir duygu, yapageldi\u011fimiz her bir hata O&#8217;nu hat\u0131rlatmak i\u00e7indir&#8230; B\u00f6yle oldu\u011fu i\u00e7in severiz hatalar\u0131m\u0131z\u0131 ve tekrar etmemek \u00fczere azmederiz. O&#8217;nun i\u00e7indir ki zora talip olur da b\u00fcy\u00fck cihada giri\u015firiz nefsimizle&#8230; Okyanus olmaya talip oluruz damla olman\u0131n t\u00fcm \u00e7ilesine katlanmay\u0131 g\u00f6ze alarak. Bir damlac\u0131k su \u201cben\u201dlik davas\u0131ndan ge\u00e7ti\u011fi zaman, art\u0131k i\u00e7erisinde bulundu\u011fu okyanustan haber verir; adeta okyanus oluverir&#8230; Rabbimize ait her bir hakikat damlas\u0131 muhatab\u0131n\u0131n g\u00f6nl\u00fcnde akacak mecray\u0131 buldu\u011fu zaman enginlere yol a\u00e7maya ba\u015flam\u0131\u015f demektir. Kitle ileti\u015fi\u011fi ara\u00e7lar\u0131yla haberle\u015fmenin art\u0131k \u00e7ok h\u0131zl\u0131 bir \u015fekilde sohbet k\u00fclt\u00fcr\u00fcn\u00fcn yerini almaya ba\u015flad\u0131\u011f\u0131 g\u00fcn\u00fcm\u00fczde, Mahmut Topta\u015f enginlere yelken a\u00e7maya namzet damla h\u00fckm\u00fcnde, sohbet tad\u0131ndaki tefekk\u00fcrleriyle okurlar\u0131n\u0131 okyanusun enginli\u011fine davet ediyor. Okuru sat\u0131r aralar\u0131ndan soyutlayarak adeta ge\u00e7mi\u015f zamanda kurulan sohbet meclislerine g\u00f6t\u00fcr\u00fcyor; ta ki konu\u015fulan hakikatler kalplere nak\u015folsun&#8230;<\/p>","protected":false},"featured_media":18980,"template":"","meta":{"spay_email":""},"product_cat":[174],"product_tag":[],"item":[360],"acf":[],"_links":{"self":[{"href":"https:\/\/mgvpublications.com\/de\/wp-json\/wp\/v2\/product\/10209"}],"collection":[{"href":"https:\/\/mgvpublications.com\/de\/wp-json\/wp\/v2\/product"}],"about":[{"href":"https:\/\/mgvpublications.com\/de\/wp-json\/wp\/v2\/types\/product"}],"wp:featuredmedia":[{"embeddable":true,"href":"https:\/\/mgvpublications.com\/de\/wp-json\/wp\/v2\/media\/18980"}],"wp:attachment":[{"href":"https:\/\/mgvpublications.com\/de\/wp-json\/wp\/v2\/media?parent=10209"}],"wp:term":[{"taxonomy":"product_cat","embeddable":true,"href":"https:\/\/mgvpublications.com\/de\/wp-json\/wp\/v2\/product_cat?post=10209"},{"taxonomy":"product_tag","embeddable":true,"href":"https:\/\/mgvpublications.com\/de\/wp-json\/wp\/v2\/product_tag?post=10209"},{"taxonomy":"item","embeddable":true,"href":"https:\/\/mgvpublications.com\/de\/wp-json\/wp\/v2\/item?post=10209"}],"curies":[{"name":"wp","href":"https:\/\/api.w.org\/{rel}","templated":true}]}}