{"id":10203,"date":"2020-01-31T01:44:58","date_gmt":"2020-01-31T00:44:58","guid":{"rendered":"https:\/\/dev2.mgvpublications.com\/produkt\/unseren-propheten-s-a-v-zu-lieben\/"},"modified":"2022-03-08T22:32:32","modified_gmt":"2022-03-08T21:32:32","slug":"unseren-propheten-s-a-v-zu-lieben","status":"publish","type":"product","link":"https:\/\/mgvpublications.com\/de\/unseren-propheten-s-a-v-zu-lieben\/","title":{"rendered":"Unseren Propheten (s.a.v.) Zu Lieben"},"content":{"rendered":"<p>\u00c7evirmen:\tMurat G\u00fcl<br \/>\n\u00c7evirmen:\tAlper Soyt\u00fcrk<br \/>\nYay\u0131n Tarihi\t2019-01-01<br \/>\nOrjinal Ad\u0131\tEfendimiz&#8217;i Sahabe Gibi Sevmek<br \/>\nISBN\t6054620166<br \/>\nBask\u0131 Say\u0131s\u0131\t2. Bask\u0131<br \/>\nDil\tALMANCA<br \/>\nSayfa Say\u0131s\u0131\t215<br \/>\nCilt Tipi\tKarton Kapak<br \/>\nKa\u011f\u0131t Cinsi\tKitap Ka\u011f\u0131d\u0131<br \/>\nBoyut\t13.5 x 21 cm<\/p>","protected":false},"excerpt":{"rendered":"<p>\u00c7evirmen: Murat G\u00fcl \u00c7evirmen: Alper Soyt\u00fcrk Yay\u0131n Tarihi 2019-01-01 Orjinal Ad\u0131 Efendimiz&#8217;i Sahabe Gibi Sevmek ISBN 6054620166 Bask\u0131 Say\u0131s\u0131 2. Bask\u0131 Dil ALMANCA Sayfa Say\u0131s\u0131 215 Cilt Tipi Karton Kapak Ka\u011f\u0131t Cinsi Kitap Ka\u011f\u0131d\u0131 Boyut 13.5 x 21 cm<\/p>","protected":false},"featured_media":10204,"template":"","meta":{"spay_email":""},"product_cat":[231],"product_tag":[],"item":[426],"acf":[],"_links":{"self":[{"href":"https:\/\/mgvpublications.com\/de\/wp-json\/wp\/v2\/product\/10203"}],"collection":[{"href":"https:\/\/mgvpublications.com\/de\/wp-json\/wp\/v2\/product"}],"about":[{"href":"https:\/\/mgvpublications.com\/de\/wp-json\/wp\/v2\/types\/product"}],"wp:featuredmedia":[{"embeddable":true,"href":"https:\/\/mgvpublications.com\/de\/wp-json\/wp\/v2\/media\/10204"}],"wp:attachment":[{"href":"https:\/\/mgvpublications.com\/de\/wp-json\/wp\/v2\/media?parent=10203"}],"wp:term":[{"taxonomy":"product_cat","embeddable":true,"href":"https:\/\/mgvpublications.com\/de\/wp-json\/wp\/v2\/product_cat?post=10203"},{"taxonomy":"product_tag","embeddable":true,"href":"https:\/\/mgvpublications.com\/de\/wp-json\/wp\/v2\/product_tag?post=10203"},{"taxonomy":"item","embeddable":true,"href":"https:\/\/mgvpublications.com\/de\/wp-json\/wp\/v2\/item?post=10203"}],"curies":[{"name":"wp","href":"https:\/\/api.w.org\/{rel}","templated":true}]}}