{"id":10201,"date":"2020-01-31T01:42:46","date_gmt":"2020-01-31T00:42:46","guid":{"rendered":"https:\/\/dev2.mgvpublications.com\/produkt\/alemlere-rahmet-hazreti-muhammed-sallallahu-aleyhi-vesellem-ciltli\/"},"modified":"2022-03-08T22:32:31","modified_gmt":"2022-03-08T21:32:31","slug":"alemlere-rahmet-hazreti-muhammed-sallallahu-aleyhi-vesellem-ciltli","status":"publish","type":"product","link":"https:\/\/mgvpublications.com\/de\/alemlere-rahmet-hazreti-muhammed-sallallahu-aleyhi-vesellem-ciltli\/","title":{"rendered":"Alemlere Rahmet Hazreti Muhammed (Sallallahu Aleyhi Vesellem) (Ciltli)"},"content":{"rendered":"<p>Yay\u0131n Tarihi 2019-05-03<br \/>\nISBN 6052375006<br \/>\nBask\u0131 Say\u0131s\u0131 1. Bask\u0131<br \/>\nDil T\u00dcRK\u00c7E<br \/>\nSayfa Say\u0131s\u0131 135<br \/>\nCilt Tipi Ciltli<br \/>\nKa\u011f\u0131t Cinsi Kitap Ka\u011f\u0131d\u0131<br \/>\nBoyut 13.5 x 21 cm<\/p>","protected":false},"excerpt":{"rendered":"<p>Bug\u00fcn bir bu\u00e7uk milyarl\u0131k \u0130slam ailesinin ka\u00e7 ferdi Peygamber Efendimizi tan\u0131yor? Bunun hesab\u0131n\u0131 yapmam\u0131z zor ama \u015funu iyi biliyoruz ki; bu koca ailenin her ferdi O\u2019nu (sas) bilmektedir. O\u2019nu bilenler \u00e7o\u011funlukta ama tan\u0131yanlar\u0131n o \u00e7o\u011funlukta oldu\u011funu ne yaz\u0131k ki s\u00f6yleyemiyoruz. O\u2019nu bilenler O\u2019nun ne zaman do\u011fdu\u011funu, ne zaman vefat etti\u011fini, sava\u015flar\u0131n\u0131, \u00e7ocuklar\u0131n\u0131n isimlerini, han\u0131mlar\u0131n\u0131, hicretini, mirac\u0131n\u0131 ve daha onlarca \u015feyi biliyorlar. \u00c7ok gariptir, bu bilinenlerin \u00e7o\u011funu belki daha fazlas\u0131n\u0131 Mekke\u2019de O\u2019na kar\u015f\u0131 \u00e7\u0131kanlar da biliyorlard\u0131. Herhalde Hz. Muhammed (sas) amcas\u0131 Ebu Leheb, bizden daha \u00e7ok Peygamber\u2019in bu \u00f6zel bilgilerine sahip idi. Ama onlar O y\u00fcce ruhu tan\u0131yamad\u0131lar, tan\u0131yamad\u0131klar\u0131 i\u00e7in de tam anlam\u0131 ile t\u00e2bi olamad\u0131lar ve O\u2019na kar\u015f\u0131 oldular. \u0130\u015fte bilmek yaln\u0131z ba\u015f\u0131na yeterli de\u011fil, o bilginin marifete yani a\u015fka d\u00f6n\u00fc\u015f\u00fcp sahibini tan\u0131d\u0131\u011f\u0131 o de\u011ferler u\u011fruna fedakarl\u0131k yapmaya zorlamal\u0131d\u0131r.<\/p>","protected":false},"featured_media":10202,"template":"","meta":{"spay_email":""},"product_cat":[174],"product_tag":[],"item":[426],"acf":[],"_links":{"self":[{"href":"https:\/\/mgvpublications.com\/de\/wp-json\/wp\/v2\/product\/10201"}],"collection":[{"href":"https:\/\/mgvpublications.com\/de\/wp-json\/wp\/v2\/product"}],"about":[{"href":"https:\/\/mgvpublications.com\/de\/wp-json\/wp\/v2\/types\/product"}],"wp:featuredmedia":[{"embeddable":true,"href":"https:\/\/mgvpublications.com\/de\/wp-json\/wp\/v2\/media\/10202"}],"wp:attachment":[{"href":"https:\/\/mgvpublications.com\/de\/wp-json\/wp\/v2\/media?parent=10201"}],"wp:term":[{"taxonomy":"product_cat","embeddable":true,"href":"https:\/\/mgvpublications.com\/de\/wp-json\/wp\/v2\/product_cat?post=10201"},{"taxonomy":"product_tag","embeddable":true,"href":"https:\/\/mgvpublications.com\/de\/wp-json\/wp\/v2\/product_tag?post=10201"},{"taxonomy":"item","embeddable":true,"href":"https:\/\/mgvpublications.com\/de\/wp-json\/wp\/v2\/item?post=10201"}],"curies":[{"name":"wp","href":"https:\/\/api.w.org\/{rel}","templated":true}]}}