{"id":10199,"date":"2020-01-31T01:38:57","date_gmt":"2020-01-31T00:38:57","guid":{"rendered":"https:\/\/dev2.mgvpublications.com\/produkt\/goerev-ve-yetkileri-acisindan-hz-peygamber\/"},"modified":"2022-03-08T22:32:31","modified_gmt":"2022-03-08T21:32:31","slug":"goerev-ve-yetkileri-acisindan-hz-peygamber","status":"publish","type":"product","link":"https:\/\/mgvpublications.com\/de\/goerev-ve-yetkileri-acisindan-hz-peygamber\/","title":{"rendered":"G\u00f6rev ve Yetkileri A\u00e7\u0131s\u0131ndan Hz. Peygamber"},"content":{"rendered":"<p>Yay\u0131n Tarihi 2018-03-15<br \/>\nISBN 6052375600<br \/>\nBask\u0131 Say\u0131s\u0131 1. Bask\u0131<br \/>\nDil T\u00dcRK\u00c7E<br \/>\nSayfa Say\u0131s\u0131 160<br \/>\nCilt Tipi Karton Kapak<br \/>\nKa\u011f\u0131t Cinsi Kitap Ka\u011f\u0131d\u0131<br \/>\nBoyut 13.5 x 21 cm<\/p>","protected":false},"excerpt":{"rendered":"<p>&#8220;Her tan\u0131yan bilir, ama her bilen tan\u0131mayabilir.\u2019\u2019 Biz bu ifadeyi, Efendimiz (sas) kar\u015f\u0131s\u0131ndaki durumumuz i\u00e7in de s\u00f6yleyebiliriz. Bug\u00fcn iki milyara yak\u0131n \u0130slam ailesinin ka\u00e7 ferdi ger\u00e7ekten Peygamber Efendimiz\u2019i hakk\u0131yla tan\u0131yor? Bunun hesab\u0131n\u0131 yapmam\u0131z zor ama \u015funu iyi biliyoruz ki bu koca ailenin her ferdi onu (sas) bilmektir. O\u2019nu (sas) bilenler \u00e7o\u011funlukta, ama tan\u0131yanlar\u0131n o \u00e7o\u011funlukta oldu\u011funu ne yazik ki s\u00f6yleyemiyoruz.<br \/>\nHz. Peygamber\u2019i (sas) bilenler O\u2019nun (sas) ne zaman do\u011fdu\u011funu, ne zaman vefat etti\u011fini, sava\u015flar\u0131n\u0131 \u00e7ocuklar\u0131n\u0131n isimlerini, han\u0131mlar\u0131n\u0131, hicretini, mirac\u0131n\u0131 ve daha onlarca \u015feyi biliyorlar. \u00c7ok gariptir, bu bilinenlerin \u00e7o\u011funu belki daha fazlas\u0131n\u0131 Mekke\u2019de ona (sas) kar\u015f\u0131 \u00e7\u0131kanlar da biliyorlard\u0131. Herhalde Hz. Peygamber\u2019in (sas) amcas\u0131 Eb\u00fb Leheb bizden daha \u00e7ok Peygamberin bu bilgilerine, hatta do\u011fumu ve \u00e7ocuklu\u011fu devresinin nice hadiselerinin bilgisine sahip idi. Yine o g\u00fcn Mekke\u2019de nice isimler bu tarz bilgileri biliyorlard\u0131. Ama onlar, o y\u00fcce ruhu tan\u0131yamad\u0131lar, tan\u0131yamad\u0131klar\u0131 i\u00e7inde tam anlam\u0131 ile tabi olamad\u0131lar ve ona (sas) kar\u015f\u0131 oldular. \u0130\u015fte bundan dolay\u0131 diyoruz ki bilmek yaln\u0131z ba\u015f\u0131na yeterli de\u011fil, o bilginin marifete, yani ger\u00e7ek manada tan\u0131maya d\u00f6n\u00fc\u015f\u00fcp, baz\u0131 g\u00fczelliklerin hayatlara h\u00e2kim olmas\u0131na vesile olmal\u0131d\u0131r<\/p>","protected":false},"featured_media":10200,"template":"","meta":{"spay_email":""},"product_cat":[174],"product_tag":[],"item":[426],"acf":[],"_links":{"self":[{"href":"https:\/\/mgvpublications.com\/de\/wp-json\/wp\/v2\/product\/10199"}],"collection":[{"href":"https:\/\/mgvpublications.com\/de\/wp-json\/wp\/v2\/product"}],"about":[{"href":"https:\/\/mgvpublications.com\/de\/wp-json\/wp\/v2\/types\/product"}],"wp:featuredmedia":[{"embeddable":true,"href":"https:\/\/mgvpublications.com\/de\/wp-json\/wp\/v2\/media\/10200"}],"wp:attachment":[{"href":"https:\/\/mgvpublications.com\/de\/wp-json\/wp\/v2\/media?parent=10199"}],"wp:term":[{"taxonomy":"product_cat","embeddable":true,"href":"https:\/\/mgvpublications.com\/de\/wp-json\/wp\/v2\/product_cat?post=10199"},{"taxonomy":"product_tag","embeddable":true,"href":"https:\/\/mgvpublications.com\/de\/wp-json\/wp\/v2\/product_tag?post=10199"},{"taxonomy":"item","embeddable":true,"href":"https:\/\/mgvpublications.com\/de\/wp-json\/wp\/v2\/item?post=10199"}],"curies":[{"name":"wp","href":"https:\/\/api.w.org\/{rel}","templated":true}]}}