{"id":10197,"date":"2020-01-31T01:35:41","date_gmt":"2020-01-31T00:35:41","guid":{"rendered":"https:\/\/dev2.mgvpublications.com\/produkt\/peygamberimin-arkadaslari-peygamberim-serisi-3-ciltli\/"},"modified":"2022-03-08T22:32:30","modified_gmt":"2022-03-08T21:32:30","slug":"peygamberimin-arkadaslari-peygamberim-serisi-3-ciltli","status":"publish","type":"product","link":"https:\/\/mgvpublications.com\/de\/peygamberimin-arkadaslari-peygamberim-serisi-3-ciltli\/","title":{"rendered":"Peygamberimin Arkada\u015flar\u0131 \/ Peygamberim Serisi 3 (Ciltli)"},"content":{"rendered":"<p>Yay\u0131n Tarihi 2017-10-21<br \/>\nISBN 6052375259<br \/>\nBask\u0131 Say\u0131s\u0131 1. Bask\u0131<br \/>\nDil T\u00dcRK\u00c7E<br \/>\nSayfa Say\u0131s\u0131 63<br \/>\nCilt Tipi Ciltli<br \/>\nKa\u011f\u0131t Cinsi Ku\u015fe Ka\u011f\u0131t<br \/>\nBoyut 20.5 x 24.5 cm<\/p>","protected":false},"excerpt":{"rendered":"<p>Yay\u0131n Tarihi 2017-10-21 ISBN 6052375259 Bask\u0131 Say\u0131s\u0131 1. Bask\u0131 Dil T\u00dcRK\u00c7E Sayfa Say\u0131s\u0131 63 Cilt Tipi Ciltli Ka\u011f\u0131t Cinsi Ku\u015fe Ka\u011f\u0131t Boyut 20.5 x 24.5 cm<\/p>","protected":false},"featured_media":10198,"template":"","meta":{"spay_email":""},"product_cat":[174],"product_tag":[],"item":[426],"acf":[],"_links":{"self":[{"href":"https:\/\/mgvpublications.com\/de\/wp-json\/wp\/v2\/product\/10197"}],"collection":[{"href":"https:\/\/mgvpublications.com\/de\/wp-json\/wp\/v2\/product"}],"about":[{"href":"https:\/\/mgvpublications.com\/de\/wp-json\/wp\/v2\/types\/product"}],"wp:featuredmedia":[{"embeddable":true,"href":"https:\/\/mgvpublications.com\/de\/wp-json\/wp\/v2\/media\/10198"}],"wp:attachment":[{"href":"https:\/\/mgvpublications.com\/de\/wp-json\/wp\/v2\/media?parent=10197"}],"wp:term":[{"taxonomy":"product_cat","embeddable":true,"href":"https:\/\/mgvpublications.com\/de\/wp-json\/wp\/v2\/product_cat?post=10197"},{"taxonomy":"product_tag","embeddable":true,"href":"https:\/\/mgvpublications.com\/de\/wp-json\/wp\/v2\/product_tag?post=10197"},{"taxonomy":"item","embeddable":true,"href":"https:\/\/mgvpublications.com\/de\/wp-json\/wp\/v2\/item?post=10197"}],"curies":[{"name":"wp","href":"https:\/\/api.w.org\/{rel}","templated":true}]}}