{"id":10189,"date":"2020-01-31T01:21:51","date_gmt":"2020-01-31T00:21:51","guid":{"rendered":"https:\/\/dev2.mgvpublications.com\/produkt\/genclik-ve-devrim\/"},"modified":"2022-03-08T22:32:30","modified_gmt":"2022-03-08T21:32:30","slug":"genclik-ve-devrim","status":"publish","type":"product","link":"https:\/\/mgvpublications.com\/de\/genclik-ve-devrim\/","title":{"rendered":"Gen\u00e7lik ve Devrim"},"content":{"rendered":"<p>Yay\u0131n Tarihi\t2019-11-26<br \/>\nISBN\t6056976704<br \/>\nBask\u0131 Say\u0131s\u0131\t1. Bask\u0131<br \/>\nDil\tT\u00dcRK\u00c7E<br \/>\nSayfa Say\u0131s\u0131\t88<br \/>\nCilt Tipi\tKarton Kapak<br \/>\nKa\u011f\u0131t Cinsi\tKitap Ka\u011f\u0131d\u0131<br \/>\nBoyut\t13.5 x 19.5 cm<\/p>","protected":false},"excerpt":{"rendered":"<p>\u201c\u015eimdi, hep \u0131srarla tekrarlad\u0131\u011f\u0131m gibi, gen\u00e7 olmaktan vazge\u00e7memeniz, ihtiyar insanlara d\u00f6n\u00fc\u015fmemeniz, gen\u00e7li\u011fe \u00f6zg\u00fc tazeli\u011fi, heyecan\u0131 koruman\u0131z gerekti\u011fini bir kez daha s\u00f6ylemeden ge\u00e7emeyece\u011fim.\u201d<br \/>\nChe Guevara<\/p>","protected":false},"featured_media":10190,"template":"","meta":{"spay_email":""},"product_cat":[166,173],"product_tag":[],"item":[1259],"acf":[],"_links":{"self":[{"href":"https:\/\/mgvpublications.com\/de\/wp-json\/wp\/v2\/product\/10189"}],"collection":[{"href":"https:\/\/mgvpublications.com\/de\/wp-json\/wp\/v2\/product"}],"about":[{"href":"https:\/\/mgvpublications.com\/de\/wp-json\/wp\/v2\/types\/product"}],"wp:featuredmedia":[{"embeddable":true,"href":"https:\/\/mgvpublications.com\/de\/wp-json\/wp\/v2\/media\/10190"}],"wp:attachment":[{"href":"https:\/\/mgvpublications.com\/de\/wp-json\/wp\/v2\/media?parent=10189"}],"wp:term":[{"taxonomy":"product_cat","embeddable":true,"href":"https:\/\/mgvpublications.com\/de\/wp-json\/wp\/v2\/product_cat?post=10189"},{"taxonomy":"product_tag","embeddable":true,"href":"https:\/\/mgvpublications.com\/de\/wp-json\/wp\/v2\/product_tag?post=10189"},{"taxonomy":"item","embeddable":true,"href":"https:\/\/mgvpublications.com\/de\/wp-json\/wp\/v2\/item?post=10189"}],"curies":[{"name":"wp","href":"https:\/\/api.w.org\/{rel}","templated":true}]}}