{"id":10174,"date":"2020-03-29T23:20:11","date_gmt":"2020-03-29T21:20:11","guid":{"rendered":"https:\/\/dev2.mgvpublications.com\/produkt\/seytan-ayrintida-gizlidir\/"},"modified":"2022-03-08T22:32:30","modified_gmt":"2022-03-08T21:32:30","slug":"seytan-ayrintida-gizlidir","status":"publish","type":"product","link":"https:\/\/mgvpublications.com\/de\/seytan-ayrintida-gizlidir\/","title":{"rendered":"\u015eeytan Ayr\u0131nt\u0131da Gizlidir"},"content":{"rendered":"<p>Yay\u0131n Tarihi 2019-12-06<br \/>\nISBN 9750846328<br \/>\nBask\u0131 Say\u0131s\u0131 1. Bask\u0131<br \/>\nDil T\u00dcRK\u00c7E<br \/>\nSayfa Say\u0131s\u0131 200<br \/>\nCilt Tipi Karton Kapak<br \/>\nKa\u011f\u0131t Cinsi Kitap Ka\u011f\u0131d\u0131<br \/>\nBoyut 13.5 x 23 cm<\/p>","protected":false},"excerpt":{"rendered":"<p>Bir su\u00e7 \u015fehrinin darac\u0131k sokaklar\u0131 aras\u0131nda&#8230;.<\/p>\n<p>Her insan\u0131n i\u00e7inde yatan dizginlenmi\u015f bir karanl\u0131k, o ya da bu sebepten bir \u00e7\u0131k\u0131\u015f yolu bulup bir ba\u015fkas\u0131n\u0131n ya\u015fam\u0131na son verebilir.<br \/>\n\u015eeytan Ayr\u0131nt\u0131da Gizlidir\u2019de birbirinden farkl\u0131 motivasyonlarla i\u015flenmi\u015f bir\u00e7ok cinayeti ustaca kurgulay\u0131p soluksuzca anlat\u0131yor Ahmet \u00dcmit. \u0130nsan\u0131n i\u00e7indeki karanl\u0131\u011f\u0131n pe\u015fine d\u00fc\u015f\u00fcyor, yan\u0131na ald\u0131\u011f\u0131 okuru sokak sokak dola\u015ft\u0131r\u0131yor pe\u015finde. Anl\u0131yoruz ki bu karanl\u0131k hemen her yerde, hemen herkesin i\u00e7inden kurtulmaya \u00e7al\u0131\u015fabilir.<\/p>\n<p>\u201cSen hi\u00e7 \u00e2\u015f\u0131k oldun mu Ali?\u201d<br \/>\n\u201cTabii Amirim, \u015fimdi bile k\u0131z arkada\u015f\u0131m var\u201d diye yan\u0131tlad\u0131 beni.<br \/>\n\u201cK\u0131z arkada\u015f\u0131ndan s\u00f6z etmiyorum Ali, a\u015fktan s\u00f6z ediyorum. Ger\u00e7ek a\u015fktan, insan\u0131 katil eden, rezil eden, insanl\u0131ktan \u00e7\u0131karan a\u015fktan s\u00f6z ediyorum.\u201d<br \/>\nBiraz d\u00fc\u015f\u00fcnd\u00fc Ali.<br \/>\n\u201cA\u00e7\u0131k konu\u015fmak gerekirse, \u00f6ylesini ya\u015famad\u0131m Amirim\u201d dedi.<br \/>\n\u201c\u00d6ylesini ya\u015famad\u0131nsa Nermin\u2019i de anlayamazs\u0131n\u201d dedim. \u201cO y\u00fczden, bo\u015fa \u00f6fkelenip durma.\u201d<\/p>","protected":false},"featured_media":10175,"template":"","meta":{"spay_email":""},"product_cat":[168],"product_tag":[],"item":[899],"acf":[],"_links":{"self":[{"href":"https:\/\/mgvpublications.com\/de\/wp-json\/wp\/v2\/product\/10174"}],"collection":[{"href":"https:\/\/mgvpublications.com\/de\/wp-json\/wp\/v2\/product"}],"about":[{"href":"https:\/\/mgvpublications.com\/de\/wp-json\/wp\/v2\/types\/product"}],"wp:featuredmedia":[{"embeddable":true,"href":"https:\/\/mgvpublications.com\/de\/wp-json\/wp\/v2\/media\/10175"}],"wp:attachment":[{"href":"https:\/\/mgvpublications.com\/de\/wp-json\/wp\/v2\/media?parent=10174"}],"wp:term":[{"taxonomy":"product_cat","embeddable":true,"href":"https:\/\/mgvpublications.com\/de\/wp-json\/wp\/v2\/product_cat?post=10174"},{"taxonomy":"product_tag","embeddable":true,"href":"https:\/\/mgvpublications.com\/de\/wp-json\/wp\/v2\/product_tag?post=10174"},{"taxonomy":"item","embeddable":true,"href":"https:\/\/mgvpublications.com\/de\/wp-json\/wp\/v2\/item?post=10174"}],"curies":[{"name":"wp","href":"https:\/\/api.w.org\/{rel}","templated":true}]}}