{"id":10145,"date":"2020-01-29T18:43:13","date_gmt":"2020-01-29T17:43:13","guid":{"rendered":"https:\/\/dev2.mgvpublications.com\/produkt\/papiruesten-basyazilar-buetuen-yapitlari\/"},"modified":"2022-03-08T22:32:28","modified_gmt":"2022-03-08T21:32:28","slug":"papiruesten-basyazilar-buetuen-yapitlari","status":"publish","type":"product","link":"https:\/\/mgvpublications.com\/de\/papiruesten-basyazilar-buetuen-yapitlari\/","title":{"rendered":"Papir\u00fcs&#8217;ten Ba\u015fyaz\u0131lar B\u00fct\u00fcn Yap\u0131tlar\u0131"},"content":{"rendered":"<p>Yay\u0131n Tarihi\t2019-03-29<br \/>\nISBN\t9750831195<br \/>\nBask\u0131 Say\u0131s\u0131\t2. Bask\u0131<br \/>\nDil\tT\u00dcRK\u00c7E<br \/>\nSayfa Say\u0131s\u0131\t140<br \/>\nCilt Tipi\tKarton Kapak<br \/>\nKa\u011f\u0131t Cinsi\tKitap Ka\u011f\u0131d\u0131<br \/>\nBoyut\t13.5 x 21 cm<\/p>","protected":false},"excerpt":{"rendered":"<p>Elinizdeki kitap T\u00fcrk \u015fiirinin \u00f6nde gelen adlar\u0131ndan Cemal S\u00fcreya\u2019n\u0131n aral\u0131klarla elli \u00fc\u00e7 say\u0131 yay\u0131mlad\u0131\u011f\u0131 dergisi Papir\u00fcs\u2019teki ba\u015fyaz\u0131lar\u0131n\u0131 bir araya getiriyor. Kavray\u0131c\u0131 bir zek\u00e2 ve geni\u015f bir k\u00fclt\u00fcr\u00fcn sanat ve ede\u00adbiyattan d\u00fc\u015f\u00fcnce ve siyasete uzanan geni\u015f bir alandaki de\u011ferlendirmeleri. \u201cT\u00fcrk edebiyat\u0131n\u0131, \u00f6zellikle de \u015fiirimizi \u00e7ok iyi biliyordu Cemal S\u00fcreya. Papir\u00fcs\u2019\u00fcn ba\u015fyaz\u0131lar\u0131 buna tan\u0131kt\u0131r. Bu yaz\u0131larda \u015fair Cemal S\u00fcreya\u2019y\u0131 d\u00fc\u015f\u00fcnce adam\u0131 kimli\u011fiyle g\u00f6r\u00fcr\u00fcz. Ara\u015ft\u0131ran, soran, de\u011ferlendiren, hesapla\u015fan bir Cemal S\u00fcreya\u2019d\u0131r bu. Ve hi\u00e7bir zaman yetinmeyen.\u201d Atilla \u00d6zk\u0131r\u0131ml\u0131 \u201cT\u00fcrk edebiyat\u0131na \u00e7e\u015fitli a\u00e7\u0131lardan bakan, o a\u00e7\u0131lardan g\u00f6r\u00add\u00fcklerini de\u011ferlendiren, sorunlara bir d\u00fc\u015f\u00fcn\u00fcr, bir deneme\u00adci, bir \u015fair olarak yakla\u015fan ve \u00e7\u00f6z\u00fcm arayan, \u00e7\u00f6z\u00fcm getiren \u00f6nemli yaz\u0131lard\u0131r Cemal S\u00fcreya\u2019n\u0131n yaz\u0131lar\u0131.\u201d Muzaffer Buyruk\u00e7u<\/p>","protected":false},"featured_media":10146,"template":"","meta":{"spay_email":""},"product_cat":[168],"product_tag":[],"item":[448],"acf":[],"_links":{"self":[{"href":"https:\/\/mgvpublications.com\/de\/wp-json\/wp\/v2\/product\/10145"}],"collection":[{"href":"https:\/\/mgvpublications.com\/de\/wp-json\/wp\/v2\/product"}],"about":[{"href":"https:\/\/mgvpublications.com\/de\/wp-json\/wp\/v2\/types\/product"}],"wp:featuredmedia":[{"embeddable":true,"href":"https:\/\/mgvpublications.com\/de\/wp-json\/wp\/v2\/media\/10146"}],"wp:attachment":[{"href":"https:\/\/mgvpublications.com\/de\/wp-json\/wp\/v2\/media?parent=10145"}],"wp:term":[{"taxonomy":"product_cat","embeddable":true,"href":"https:\/\/mgvpublications.com\/de\/wp-json\/wp\/v2\/product_cat?post=10145"},{"taxonomy":"product_tag","embeddable":true,"href":"https:\/\/mgvpublications.com\/de\/wp-json\/wp\/v2\/product_tag?post=10145"},{"taxonomy":"item","embeddable":true,"href":"https:\/\/mgvpublications.com\/de\/wp-json\/wp\/v2\/item?post=10145"}],"curies":[{"name":"wp","href":"https:\/\/api.w.org\/{rel}","templated":true}]}}