{"id":10137,"date":"2020-01-29T18:32:47","date_gmt":"2020-01-29T17:32:47","guid":{"rendered":"https:\/\/dev2.mgvpublications.com\/produkt\/uestue-kalsin\/"},"modified":"2022-03-08T22:32:28","modified_gmt":"2022-03-08T21:32:28","slug":"uestue-kalsin","status":"publish","type":"product","link":"https:\/\/mgvpublications.com\/de\/uestue-kalsin\/","title":{"rendered":"\u00dcst\u00fc Kals\u0131n"},"content":{"rendered":"<p>Yay\u0131n Tarihi\t2019-07-25<br \/>\nISBN\t9750814440<br \/>\nBask\u0131 Say\u0131s\u0131\t35. Bask\u0131<br \/>\nDil\tT\u00dcRK\u00c7E<br \/>\nSayfa Say\u0131s\u0131\t120<br \/>\nCilt Tipi\tKarton Kapak<br \/>\nKa\u011f\u0131t Cinsi\tKitap Ka\u011f\u0131d\u0131<br \/>\nBoyut\t13.5 x 19.5 cm<\/p>","protected":false},"excerpt":{"rendered":"<p>\u00d6l\u00fcyorum tanr\u0131m<br \/>\nBu da oldu i\u015fte.<br \/>\nHer \u00f6l\u00fcm erken \u00f6l\u00fcmd\u00fcr<br \/>\nBiliyorum tanr\u0131m.<br \/>\nAma, ayr\u0131ca, ald\u0131\u011f\u0131n \u015fu hayat<br \/>\nFena de\u011fildir..<br \/>\n\u00dcst\u00fc kals\u0131n..<\/p>","protected":false},"featured_media":10138,"template":"","meta":{"spay_email":""},"product_cat":[166,168],"product_tag":[],"item":[448],"acf":[],"_links":{"self":[{"href":"https:\/\/mgvpublications.com\/de\/wp-json\/wp\/v2\/product\/10137"}],"collection":[{"href":"https:\/\/mgvpublications.com\/de\/wp-json\/wp\/v2\/product"}],"about":[{"href":"https:\/\/mgvpublications.com\/de\/wp-json\/wp\/v2\/types\/product"}],"wp:featuredmedia":[{"embeddable":true,"href":"https:\/\/mgvpublications.com\/de\/wp-json\/wp\/v2\/media\/10138"}],"wp:attachment":[{"href":"https:\/\/mgvpublications.com\/de\/wp-json\/wp\/v2\/media?parent=10137"}],"wp:term":[{"taxonomy":"product_cat","embeddable":true,"href":"https:\/\/mgvpublications.com\/de\/wp-json\/wp\/v2\/product_cat?post=10137"},{"taxonomy":"product_tag","embeddable":true,"href":"https:\/\/mgvpublications.com\/de\/wp-json\/wp\/v2\/product_tag?post=10137"},{"taxonomy":"item","embeddable":true,"href":"https:\/\/mgvpublications.com\/de\/wp-json\/wp\/v2\/item?post=10137"}],"curies":[{"name":"wp","href":"https:\/\/api.w.org\/{rel}","templated":true}]}}