{"id":10133,"date":"2020-12-02T15:42:19","date_gmt":"2020-12-02T14:42:19","guid":{"rendered":"https:\/\/dev2.mgvpublications.com\/produkt\/mahremiyet-hayatin-sirlari-ve-sinirlari\/"},"modified":"2022-03-08T22:32:28","modified_gmt":"2022-03-08T21:32:28","slug":"mahremiyet-hayatin-sirlari-ve-sinirlari","status":"publish","type":"product","link":"https:\/\/mgvpublications.com\/de\/mahremiyet-hayatin-sirlari-ve-sinirlari\/","title":{"rendered":"Mahremiyet Hayat\u0131n S\u0131rlar\u0131 ve S\u0131n\u0131rlar\u0131"},"content":{"rendered":"<p>Yay\u0131n Tarihi: 12.01.2021<br \/>ISBN: 9789755748962<br \/>Dil: T\u00dcRK\u00c7E<br \/>Sayfa Say\u0131s\u0131: 224<br \/>Cilt Tipi: Karton Kapak<br \/>Ka\u011f\u0131t Cinsi: Kitap Ka\u011f\u0131d\u0131<br \/>Boyut: 13.5 x 21 cm<\/p>","protected":false},"excerpt":{"rendered":"<p>Mesafenin eridi\u011fi, \u015feffafl\u0131\u011f\u0131n ideoloji h\u00e2line geldi\u011fi, \u00f6l\u00fcm\u00fcn bile performansa d\u00f6n\u00fc\u015ft\u00fc\u011f\u00fc bir vasatta ya\u015f\u0131yoruz. Ki\u015finin kendisini sergilemek zorunda kalmad\u0131\u011f\u0131, kendi ba\u015f\u0131na kalabildi\u011fi bir mesafeden mahrumuz. Sermayenin, enformasyonun, ileti\u015fimin h\u0131z\u0131 \u00f6n\u00fcnde duran hi\u00e7bir engele izin yok. Zaten bu sebeple, \u015feffafl\u0131k g\u00fcven ile, s\u0131r da su\u00e7 ile ba\u011flant\u0131land\u0131r\u0131l\u0131yor. \u0130nsanl\u0131k tarihi kadar eski bir mesele olsa da mahremiyetle ilgili bug\u00fcne has ve yeni sorunlarla kar\u015f\u0131 kar\u015f\u0131yay\u0131z \u00e7\u00fcnk\u00fc mahremiyet, mek\u00e2nsal, \u00f6znel, de\u011fi\u015fken ve ya\u015fayan bir ger\u00e7eklik. G\u00fcn\u00fcm\u00fczde bu de\u011fi\u015fken yap\u0131y\u0131 anlayabilmek i\u00e7in cazip teknolojik vaatleri ve tekno-kapitalist yap\u0131lanmay\u0131 kendi sistemsel \u00e7er\u00e7evesi i\u00e7inden g\u00f6rebilmek, bundan da \u00f6nemlisi meseleye nereden bakt\u0131\u011f\u0131m\u0131z\u0131 netle\u015ftirmek gerekiyor. Elinizdeki derleme, bu zorunlulu\u011fun sorumlulu\u011funa talip olan ve mahremiyeti (felsefe, sosyoloji, tarih, ahlak, f\u0131k\u0131h, tasavvuf, mimari, hukuk vb. alanlarda) disiplinleraras\u0131 bir yakla\u015f\u0131mla, bug\u00fcn\u00fcn i\u00e7inden, yeniden ele alan yaz\u0131lardan olu\u015fuyor. De\u011fi\u015fenleri ve de\u011fi\u015fmeyenleri, tarih\u00ee ve g\u00fcncel olan\u0131 ele alan Mahremiyet: Hayat\u0131n S\u0131rlar\u0131 ve S\u0131n\u0131rlar\u0131\u2019n\u0131n i\u00e7inde yer alan yaz\u0131lar, mahremiyetle ilgili bir bak\u0131\u015f a\u00e7\u0131s\u0131n\u0131n olu\u015fmas\u0131na katk\u0131 olarak de\u011ferlendirilmeyi hak ediyor.<\/p>","protected":false},"featured_media":20148,"template":"","meta":{"spay_email":""},"product_cat":[1537],"product_tag":[],"item":[503],"acf":[],"_links":{"self":[{"href":"https:\/\/mgvpublications.com\/de\/wp-json\/wp\/v2\/product\/10133"}],"collection":[{"href":"https:\/\/mgvpublications.com\/de\/wp-json\/wp\/v2\/product"}],"about":[{"href":"https:\/\/mgvpublications.com\/de\/wp-json\/wp\/v2\/types\/product"}],"wp:featuredmedia":[{"embeddable":true,"href":"https:\/\/mgvpublications.com\/de\/wp-json\/wp\/v2\/media\/20148"}],"wp:attachment":[{"href":"https:\/\/mgvpublications.com\/de\/wp-json\/wp\/v2\/media?parent=10133"}],"wp:term":[{"taxonomy":"product_cat","embeddable":true,"href":"https:\/\/mgvpublications.com\/de\/wp-json\/wp\/v2\/product_cat?post=10133"},{"taxonomy":"product_tag","embeddable":true,"href":"https:\/\/mgvpublications.com\/de\/wp-json\/wp\/v2\/product_tag?post=10133"},{"taxonomy":"item","embeddable":true,"href":"https:\/\/mgvpublications.com\/de\/wp-json\/wp\/v2\/item?post=10133"}],"curies":[{"name":"wp","href":"https:\/\/api.w.org\/{rel}","templated":true}]}}