{"id":10128,"date":"2020-01-15T15:14:01","date_gmt":"2020-01-15T14:14:01","guid":{"rendered":"https:\/\/dev2.mgvpublications.com\/produkt\/ucan-sinif\/"},"modified":"2022-03-08T22:32:27","modified_gmt":"2022-03-08T21:32:27","slug":"ucan-sinif","status":"publish","type":"product","link":"https:\/\/mgvpublications.com\/de\/ucan-sinif\/","title":{"rendered":"U\u00e7an S\u0131n\u0131f"},"content":{"rendered":"<p>\u00c7evirmen:\t\u015eebnem Sunar<br \/>\nYay\u0131n Tarihi\t2019-03-07<br \/>\nISBN\t9755100937<br \/>\nBask\u0131 Say\u0131s\u0131\t62. Bask\u0131<br \/>\nDil\tT\u00dcRK\u00c7E<br \/>\nSayfa Say\u0131s\u0131\t188<br \/>\nCilt Tipi\tKarton Kapak<br \/>\nKa\u011f\u0131t Cinsi\tKitap Ka\u011f\u0131d\u0131<br \/>\nBoyut\t12.5 x 19.5 cm<\/p>","protected":false},"excerpt":{"rendered":"<p>Erich K\u00e4stner, \u00e7ocuklar i\u00e7in de, b\u00fcy\u00fckler i\u00e7in de yazan Almanya\u2019n\u0131n \u00fcnl\u00fc yazarlar\u0131ndan biri. U\u00e7an S\u0131n\u0131f\u2019\u0131n kahramanlar\u0131, yat\u0131l\u0131 bir okulun \u00e7ocuklar\u0131. Y\u0131lba\u015f\u0131na az bir zaman kalm\u0131\u015ft\u0131r. \u00c7ocuklar, U\u00e7an S\u0131n\u0131f ad\u0131nda bir oyun haz\u0131rlamaya karar verirler. Ne var ki \u00e7al\u0131\u015fmalar\u0131 yar\u0131m kal\u0131r. \u00c7\u00fcnk\u00fc bir ba\u015fka okulun \u00f6\u011frencileri, hem oyunda rol alan oyunculardan birini, hem de \u00e7ocuklar\u0131n al\u0131\u015ft\u0131rma kitaplar\u0131n\u0131 ka\u00e7\u0131rm\u0131\u015flard\u0131r. K\u00e4stner\u2019in \u2018Yazd\u0131\u011f\u0131m en iyi kitap\u2019 dedi\u011fi U\u00e7an S\u0131n\u0131f, ince bir h\u00fcz\u00fcn ve bolca mizahla kaleme al\u0131nm\u0131\u015f bir ba\u015fyap\u0131t. Bu kitapta yazar, \u00e7ocuklar aras\u0131ndaki dayan\u0131\u015fman\u0131n, s\u0131k\u0131 bir arkada\u015fl\u0131\u011f\u0131n g\u00fcc\u00fcyle ya\u015fam\u0131n zorluklar\u0131n\u0131 alt etmenin g\u00fczel bir \u00f6rne\u011fini veriyor.<\/p>","protected":false},"featured_media":10129,"template":"","meta":{"spay_email":""},"product_cat":[172],"product_tag":[],"item":[1154],"acf":[],"_links":{"self":[{"href":"https:\/\/mgvpublications.com\/de\/wp-json\/wp\/v2\/product\/10128"}],"collection":[{"href":"https:\/\/mgvpublications.com\/de\/wp-json\/wp\/v2\/product"}],"about":[{"href":"https:\/\/mgvpublications.com\/de\/wp-json\/wp\/v2\/types\/product"}],"wp:featuredmedia":[{"embeddable":true,"href":"https:\/\/mgvpublications.com\/de\/wp-json\/wp\/v2\/media\/10129"}],"wp:attachment":[{"href":"https:\/\/mgvpublications.com\/de\/wp-json\/wp\/v2\/media?parent=10128"}],"wp:term":[{"taxonomy":"product_cat","embeddable":true,"href":"https:\/\/mgvpublications.com\/de\/wp-json\/wp\/v2\/product_cat?post=10128"},{"taxonomy":"product_tag","embeddable":true,"href":"https:\/\/mgvpublications.com\/de\/wp-json\/wp\/v2\/product_tag?post=10128"},{"taxonomy":"item","embeddable":true,"href":"https:\/\/mgvpublications.com\/de\/wp-json\/wp\/v2\/item?post=10128"}],"curies":[{"name":"wp","href":"https:\/\/api.w.org\/{rel}","templated":true}]}}