{"id":10124,"date":"2020-01-15T15:04:16","date_gmt":"2020-01-15T14:04:16","guid":{"rendered":"https:\/\/dev2.mgvpublications.com\/produkt\/toplum-soezlesmesi\/"},"modified":"2022-03-08T22:32:27","modified_gmt":"2022-03-08T21:32:27","slug":"toplum-soezlesmesi","status":"publish","type":"product","link":"https:\/\/mgvpublications.com\/de\/toplum-soezlesmesi\/","title":{"rendered":"Toplum S\u00f6zle\u015fmesi"},"content":{"rendered":"<p>\u00c7evirmen:\tAli Alper<br \/>\nYay\u0131n Tarihi\t2017-12-15<br \/>\nISBN\t9753853613<br \/>\nBask\u0131 Say\u0131s\u0131\t5. Bask\u0131<br \/>\nDil\tT\u00dcRK\u00c7E<br \/>\nSayfa Say\u0131s\u0131\t134<br \/>\nCilt Tipi\tKarton Kapak<br \/>\nKa\u011f\u0131t Cinsi\tKitap Ka\u011f\u0131d\u0131<br \/>\nBoyut\t13.5 x 19.5 cm<\/p>","protected":false},"excerpt":{"rendered":"<p>Modern demokrasi anlay\u0131\u015f\u0131n\u0131n temelini olu\u015fturan toplum s\u00f6zle\u015fmesi \u00f6\u011fretisiyle \u00fcnlenen J.J. Rousseau\u2019nun Toplum S\u00f6zle\u015fmesi adl\u0131 yap\u0131t\u0131 Frans\u0131z Devrimi\u2019nin de esin kayna\u011f\u0131d\u0131r.<br \/>\nB\u00fct\u00fcn h\u00fck\u00fcmetlerin, y\u00f6netilenlerin onay\u0131na uygun bi\u00e7imde kuruldu\u011fu bir d\u00fczeni savunan bu yap\u0131ta g\u00f6re, \u201cToplumun temeli, ki\u015filerin korunma kar\u015f\u0131l\u0131\u011f\u0131 kendi istemlerinin tamam\u0131n\u0131, b\u00fct\u00fcn\u00fcn istemine teslim etmesiyle imzalanm\u0131\u015f bir s\u00f6zle\u015fmedir.\u201d<br \/>\nYazar bu yap\u0131t\u0131nda Devrim\u2019in \u00e7a\u011fr\u0131s\u0131na uyup, genel se\u00e7im hakk\u0131 olan bir cumhuriyet istemi\u015f yurtta\u015flar\u0131n e\u015fitlik, \u00f6zg\u00fcrl\u00fck, karde\u015flik haklar\u0131ndan yana olmu\u015ftur. <\/p>","protected":false},"featured_media":10125,"template":"","meta":{"spay_email":""},"product_cat":[167,232],"product_tag":[],"item":[722],"acf":[],"_links":{"self":[{"href":"https:\/\/mgvpublications.com\/de\/wp-json\/wp\/v2\/product\/10124"}],"collection":[{"href":"https:\/\/mgvpublications.com\/de\/wp-json\/wp\/v2\/product"}],"about":[{"href":"https:\/\/mgvpublications.com\/de\/wp-json\/wp\/v2\/types\/product"}],"wp:featuredmedia":[{"embeddable":true,"href":"https:\/\/mgvpublications.com\/de\/wp-json\/wp\/v2\/media\/10125"}],"wp:attachment":[{"href":"https:\/\/mgvpublications.com\/de\/wp-json\/wp\/v2\/media?parent=10124"}],"wp:term":[{"taxonomy":"product_cat","embeddable":true,"href":"https:\/\/mgvpublications.com\/de\/wp-json\/wp\/v2\/product_cat?post=10124"},{"taxonomy":"product_tag","embeddable":true,"href":"https:\/\/mgvpublications.com\/de\/wp-json\/wp\/v2\/product_tag?post=10124"},{"taxonomy":"item","embeddable":true,"href":"https:\/\/mgvpublications.com\/de\/wp-json\/wp\/v2\/item?post=10124"}],"curies":[{"name":"wp","href":"https:\/\/api.w.org\/{rel}","templated":true}]}}