{"id":10118,"date":"2020-01-14T17:04:15","date_gmt":"2020-01-14T16:04:15","guid":{"rendered":"https:\/\/dev2.mgvpublications.com\/produkt\/bilinmeyen-bir-kadinin-mektubu\/"},"modified":"2022-03-13T14:44:24","modified_gmt":"2022-03-13T13:44:24","slug":"bilinmeyen-bir-kadinin-mektubu","status":"publish","type":"product","link":"https:\/\/mgvpublications.com\/de\/bilinmeyen-bir-kadinin-mektubu\/","title":{"rendered":"Bilinmeyen Bir Kad\u0131n\u0131n Mektubu"},"content":{"rendered":"<p>\u00c7evirmen: Ahmet Cemal<br \/>Yay\u0131n Tarihi: 26.02.2019<br \/>ISBN: 9786053606604<br \/>Dil: T\u00dcRK\u00c7E<br \/>Sayfa Say\u0131s\u0131: 68<br \/>Cilt Tipi: Karton Kapak<br \/>Ka\u011f\u0131t Cinsi: Kitap Ka\u011f\u0131d\u0131<br \/>Boyut: 12.5 x 20.5 cm<\/p>","protected":false},"excerpt":{"rendered":"<p>Stefan Zweig Bilinmeyen Bir Kad\u0131n\u0131n Mektubu (Brief einer Unbekannten) adl\u0131 uzun \u00f6yk\u00fcs\u00fcn\u00fc 1920&#8217;li y\u0131llar\u0131n ilk yar\u0131s\u0131nda kaleme ald\u0131. Bilinmeyen Bir Kad\u0131n\u0131n Mektubu&#8217;nun kad\u0131n kahraman\u0131n\u0131 sadece uzun bir mektubun yazar\u0131 olarak tan\u0131yoruz. Kad\u0131n\u0131n hayat\u0131 boyunca sevmi\u015f oldu\u011fu erkek i\u00e7in kaleme ald\u0131\u011f\u0131 bu mektubun &#8220;g\u00f6nderen&#8221;inin ad\u0131 yoktur. Mektubun ba\u015f\u0131nda tek bir hitap vard\u0131r: &#8220;Sana, beni asla tan\u0131mam\u0131\u015f olan sana&#8221;. Kad\u0131n b\u00fcy\u00fck tutkusunu hep bir &#8220;bilinmeyen&#8221; olarak, yani tek ba\u015f\u0131na ya\u015famaya raz\u0131d\u0131r, bu a\u015fk \u00f6yk\u00fcs\u00fcnde &#8220;taraflar&#8221; de\u011fil, sadece tek bir &#8220;taraf&#8221; vard\u0131r. B\u00f6ylesine, ger\u00e7ek anlamda a\u015fk denilebilir mi? Zweig okurunu, bir kez daha, insan psikolojisinde e\u015fine pek rastlanmayan bir yolculu\u011fa davet ediyor. Bu yeni yolculu\u011fun sonunda &#8220;mutlak a\u015fk&#8221; kavram\u0131n\u0131n \u015fimdiye kadar bilinmeyen k\u0131y\u0131lar\u0131na varmay\u0131 ama\u00e7lam\u0131\u015f olmas\u0131 da bir ihtimal!<\/p>","protected":false},"featured_media":20192,"template":"","meta":{"spay_email":""},"product_cat":[168],"product_tag":[],"item":[336],"acf":[],"_links":{"self":[{"href":"https:\/\/mgvpublications.com\/de\/wp-json\/wp\/v2\/product\/10118"}],"collection":[{"href":"https:\/\/mgvpublications.com\/de\/wp-json\/wp\/v2\/product"}],"about":[{"href":"https:\/\/mgvpublications.com\/de\/wp-json\/wp\/v2\/types\/product"}],"wp:featuredmedia":[{"embeddable":true,"href":"https:\/\/mgvpublications.com\/de\/wp-json\/wp\/v2\/media\/20192"}],"wp:attachment":[{"href":"https:\/\/mgvpublications.com\/de\/wp-json\/wp\/v2\/media?parent=10118"}],"wp:term":[{"taxonomy":"product_cat","embeddable":true,"href":"https:\/\/mgvpublications.com\/de\/wp-json\/wp\/v2\/product_cat?post=10118"},{"taxonomy":"product_tag","embeddable":true,"href":"https:\/\/mgvpublications.com\/de\/wp-json\/wp\/v2\/product_tag?post=10118"},{"taxonomy":"item","embeddable":true,"href":"https:\/\/mgvpublications.com\/de\/wp-json\/wp\/v2\/item?post=10118"}],"curies":[{"name":"wp","href":"https:\/\/api.w.org\/{rel}","templated":true}]}}