{"id":10094,"date":"2020-01-07T15:23:50","date_gmt":"2020-01-07T14:23:50","guid":{"rendered":"https:\/\/dev2.mgvpublications.com\/produkt\/yine-de-sevdik\/"},"modified":"2022-04-23T15:59:29","modified_gmt":"2022-04-23T13:59:29","slug":"yine-de-sevdik","status":"publish","type":"product","link":"https:\/\/mgvpublications.com\/de\/yine-de-sevdik\/","title":{"rendered":"Yine de Sevdik"},"content":{"rendered":"<p>Yay\u0131n Tarihi\t2018-02-06<br \/>\nISBN\t6052063354<br \/>\nBask\u0131 Say\u0131s\u0131\t1. Bask\u0131<br \/>\nDil\tT\u00dcRK\u00c7E<br \/>\nSayfa Say\u0131s\u0131\t160<br \/>\nCilt Tipi\tKarton Kapak<br \/>\nKa\u011f\u0131t Cinsi\tKitap Ka\u011f\u0131d\u0131<br \/>\nBoyut\t13.5 x 21 cm<\/p>","protected":false},"excerpt":{"rendered":"<p>Biz bittik.\u201d demi\u015fsin. Fakat sen, bitmenin ne demek oldu\u011funu bilememi\u015fsin. Bitmek de\u011fildi bizimkisi, ba\u015flayamamakt\u0131. Bitmek i\u00e7in ba\u015flamak gerekirdi birici\u011fim. Biz hi\u00e7 ba\u015flamad\u0131k ki\u2026 Sen beni g\u00fczel sevmedin.<br \/>\nSana her ad\u0131m att\u0131\u011f\u0131mda beni biraz daha sensizli\u011fe ittin. Ben seni her \u015feyim diye sevmi\u015ftim.<br \/>\nMe\u011fer sende koca bir hi\u00e7mi\u015fim. \u0130nsanlara \u201cBen ondan \u00e7oktan gittim.\u201d deme, sen bana hi\u00e7 gelmedin. Ben senin varl\u0131\u011f\u0131n\u0131 hi\u00e7bir zaman hissetmedim. Fakat bir g\u00fcn olsun vazge\u00e7eyim de demedim.<br \/>\n\u015eunu unutma; bizden ben vazge\u00e7medim, senin taraf\u0131ndan vazge\u00e7irildim.<br \/>\nAma rahat olsun i\u00e7in \u00e7\u00fcnk\u00fc sensiz daha rahat art\u0131k benim de i\u00e7im!<\/p>\n<p>Kabul olacak dua olsan,<br \/>\na\u00e7\u0131lmayacak u\u011fruna ellerim\u2026<\/p>","protected":false},"featured_media":10095,"template":"","meta":{"spay_email":""},"product_cat":[168],"product_tag":[],"item":[1362],"acf":[],"_links":{"self":[{"href":"https:\/\/mgvpublications.com\/de\/wp-json\/wp\/v2\/product\/10094"}],"collection":[{"href":"https:\/\/mgvpublications.com\/de\/wp-json\/wp\/v2\/product"}],"about":[{"href":"https:\/\/mgvpublications.com\/de\/wp-json\/wp\/v2\/types\/product"}],"wp:featuredmedia":[{"embeddable":true,"href":"https:\/\/mgvpublications.com\/de\/wp-json\/wp\/v2\/media\/10095"}],"wp:attachment":[{"href":"https:\/\/mgvpublications.com\/de\/wp-json\/wp\/v2\/media?parent=10094"}],"wp:term":[{"taxonomy":"product_cat","embeddable":true,"href":"https:\/\/mgvpublications.com\/de\/wp-json\/wp\/v2\/product_cat?post=10094"},{"taxonomy":"product_tag","embeddable":true,"href":"https:\/\/mgvpublications.com\/de\/wp-json\/wp\/v2\/product_tag?post=10094"},{"taxonomy":"item","embeddable":true,"href":"https:\/\/mgvpublications.com\/de\/wp-json\/wp\/v2\/item?post=10094"}],"curies":[{"name":"wp","href":"https:\/\/api.w.org\/{rel}","templated":true}]}}