{"id":10090,"date":"2020-01-07T15:17:35","date_gmt":"2020-01-07T14:17:35","guid":{"rendered":"https:\/\/dev2.mgvpublications.com\/produkt\/bana-seni-seviyorum-deme-evlen-benimle\/"},"modified":"2022-03-08T22:32:24","modified_gmt":"2022-03-08T21:32:24","slug":"bana-seni-seviyorum-deme-evlen-benimle","status":"publish","type":"product","link":"https:\/\/mgvpublications.com\/de\/bana-seni-seviyorum-deme-evlen-benimle\/","title":{"rendered":"Bana Seni Seviyorum Deme Evlen Benimle"},"content":{"rendered":"<p>Yay\u0131n Tarihi\t2019-09-23<br \/>\nISBN\t6059176804<br \/>\nBask\u0131 Say\u0131s\u0131\t39. Bask\u0131<br \/>\nDil\tT\u00dcRK\u00c7E<br \/>\nSayfa Say\u0131s\u0131\t208<br \/>\nCilt Tipi\tKarton Kapak<br \/>\nKa\u011f\u0131t Cinsi\tKitap Ka\u011f\u0131d\u0131<br \/>\nBoyut\t13.5 x 21 cm<\/p>","protected":false},"excerpt":{"rendered":"<p>Erkek &#8220;Seviyorum&#8221; der, adam sevdi\u011fi kad\u0131n\u0131n tuzlu kahvesini i\u00e7er.<br \/>\nHayatta bir\u00e7ok kez haks\u0131zl\u0131\u011fa u\u011frar\u0131z.  Lakin \u00f6ld\u00fcrece\u011fini sand\u0131\u011f\u0131m\u0131z hi\u00e7bir ac\u0131da y\u0131lmay\u0131z&#8230;<br \/>\nHerkesin bir hik\u00e2yesi vard\u0131. Kimi dile getirmedi ac\u0131yan yanlar\u0131n\u0131. Oturup k\u00e2\u011f\u0131da d\u00f6kt\u00fc ac\u0131lar\u0131n\u0131.<br \/>\nKimi yaln\u0131zca sustu, i\u00e7ine ata ata doldu ta\u015ft\u0131&#8230;<br \/>\nYine de tek kelime edemedi. Hayat kimine sevebilece\u011fi nice kalpler sundu, kimse sevemedi.<br \/>\nElbet benim de dile getiremedi\u011fim ac\u0131lar\u0131m var. Anlatmak istesem, anlat\u0131lmaz&#8230;<br \/>\nZaten baz\u0131 ac\u0131lar dile getirilemez. Getirilmek istense de kelimeler yetmez&#8230; Dilinden seni seviyorum eksik olmayan insanlar zaten sevemez.<br \/>\nA\u015fk hissettirmektir, emektir, bunu kimse bilmez. Dil \u201cseviyorum\u201d dese de, her y\u00fcrek sevemez.<\/p>","protected":false},"featured_media":10091,"template":"","meta":{"spay_email":""},"product_cat":[168],"product_tag":[],"item":[1362],"acf":[],"_links":{"self":[{"href":"https:\/\/mgvpublications.com\/de\/wp-json\/wp\/v2\/product\/10090"}],"collection":[{"href":"https:\/\/mgvpublications.com\/de\/wp-json\/wp\/v2\/product"}],"about":[{"href":"https:\/\/mgvpublications.com\/de\/wp-json\/wp\/v2\/types\/product"}],"wp:featuredmedia":[{"embeddable":true,"href":"https:\/\/mgvpublications.com\/de\/wp-json\/wp\/v2\/media\/10091"}],"wp:attachment":[{"href":"https:\/\/mgvpublications.com\/de\/wp-json\/wp\/v2\/media?parent=10090"}],"wp:term":[{"taxonomy":"product_cat","embeddable":true,"href":"https:\/\/mgvpublications.com\/de\/wp-json\/wp\/v2\/product_cat?post=10090"},{"taxonomy":"product_tag","embeddable":true,"href":"https:\/\/mgvpublications.com\/de\/wp-json\/wp\/v2\/product_tag?post=10090"},{"taxonomy":"item","embeddable":true,"href":"https:\/\/mgvpublications.com\/de\/wp-json\/wp\/v2\/item?post=10090"}],"curies":[{"name":"wp","href":"https:\/\/api.w.org\/{rel}","templated":true}]}}