{"id":10088,"date":"2020-01-07T15:13:59","date_gmt":"2020-01-07T14:13:59","guid":{"rendered":"https:\/\/dev2.mgvpublications.com\/produkt\/bana-seni-seviyorum-deme-hissettir\/"},"modified":"2022-03-08T22:32:24","modified_gmt":"2022-03-08T21:32:24","slug":"bana-seni-seviyorum-deme-hissettir","status":"publish","type":"product","link":"https:\/\/mgvpublications.com\/de\/bana-seni-seviyorum-deme-hissettir\/","title":{"rendered":"Bana Seni Seviyorum Deme Hissettir"},"content":{"rendered":"<p>Yay\u0131n Tarihi\t2016-12-06<br \/>\nISBN\t6056540790<br \/>\nBask\u0131 Say\u0131s\u0131\t22. Bask\u0131<br \/>\nDil\tT\u00dcRK\u00c7E<br \/>\nSayfa Say\u0131s\u0131\t208<br \/>\nCilt Tipi\tKarton Kapak<br \/>\nKa\u011f\u0131t Cinsi\tKitap Ka\u011f\u0131d\u0131<br \/>\nBoyut\t13.5 x 21 cm<\/p>","protected":false},"excerpt":{"rendered":"<p>Sevmekten daha \u00f6nemli \u015feyler vard\u0131r. Hissettirmek gibi koklayarak \u00f6pmek gibi. Bazen sevilmekten \u00e7ok varl\u0131\u011f\u0131n\u0131 hissetmek istersiniz. Varl\u0131\u011f\u0131n\u0131 hissedemedi\u011finiz birini sevemezsiniz. Kad\u0131nlar sevildi\u011fini duymaktan \u00e7ok hissetmek ister. Sevdi\u011fi adam\u0131n sevgisini hisseden kad\u0131ndan daha g\u00fczeli yoktur. Sevdi\u011fi kad\u0131na sevgisini hissettiren erke\u011fin a\u015fk\u0131na doyum olmaz. Ben bu kitapta kendimi sana hissettirmeye geldim. Ben sevdik\u00e7e hissettirdim, sen hissettik\u00e7e gittin. Oysa sen benim kalbimin kafas\u0131 g\u00fczel haliydin. Ve o g\u00fcn \u00f6yle bir gittin ki, ben o g\u00fcnden sonra kendimi hissetmedim. Ve o kalple seni sevdim&#8230;<\/p>","protected":false},"featured_media":10089,"template":"","meta":{"spay_email":""},"product_cat":[168],"product_tag":[],"item":[1362],"acf":[],"_links":{"self":[{"href":"https:\/\/mgvpublications.com\/de\/wp-json\/wp\/v2\/product\/10088"}],"collection":[{"href":"https:\/\/mgvpublications.com\/de\/wp-json\/wp\/v2\/product"}],"about":[{"href":"https:\/\/mgvpublications.com\/de\/wp-json\/wp\/v2\/types\/product"}],"wp:featuredmedia":[{"embeddable":true,"href":"https:\/\/mgvpublications.com\/de\/wp-json\/wp\/v2\/media\/10089"}],"wp:attachment":[{"href":"https:\/\/mgvpublications.com\/de\/wp-json\/wp\/v2\/media?parent=10088"}],"wp:term":[{"taxonomy":"product_cat","embeddable":true,"href":"https:\/\/mgvpublications.com\/de\/wp-json\/wp\/v2\/product_cat?post=10088"},{"taxonomy":"product_tag","embeddable":true,"href":"https:\/\/mgvpublications.com\/de\/wp-json\/wp\/v2\/product_tag?post=10088"},{"taxonomy":"item","embeddable":true,"href":"https:\/\/mgvpublications.com\/de\/wp-json\/wp\/v2\/item?post=10088"}],"curies":[{"name":"wp","href":"https:\/\/api.w.org\/{rel}","templated":true}]}}