{"id":10086,"date":"2020-01-07T15:05:01","date_gmt":"2020-01-07T14:05:01","guid":{"rendered":"https:\/\/dev2.mgvpublications.com\/produkt\/rahmanin-ayetleri-karsisinda\/"},"modified":"2022-03-08T22:32:24","modified_gmt":"2022-03-08T21:32:24","slug":"rahmanin-ayetleri-karsisinda","status":"publish","type":"product","link":"https:\/\/mgvpublications.com\/de\/rahmanin-ayetleri-karsisinda\/","title":{"rendered":"Rahman\u2019\u0131n Ayetleri Kar\u015f\u0131s\u0131nda"},"content":{"rendered":"<p>Yay\u0131n Tarihi\t2018-11-19<br \/>\nISBN\t6055222192<br \/>\nBask\u0131 Say\u0131s\u0131\t1. Bask\u0131<br \/>\nDil\tT\u00dcRK\u00c7E<br \/>\nSayfa Say\u0131s\u0131\t142<br \/>\nCilt Tipi\tKarton Kapak<br \/>\nKa\u011f\u0131t Cinsi\tKitap Ka\u011f\u0131d\u0131<br \/>\nBoyut\t13 x 23 cm<\/p>","protected":false},"excerpt":{"rendered":"<p>\u0130slam, m\u00fcminlerin hem ruhani ve hem de cismani hayat\u0131 ayn\u0131 \u00f6l\u00e7\u00fclerle d\u00fczenlemelerini istemektedir. Bir muvahhidin hayat\u0131nda mistisizme varan bir ruhbanl\u0131\u011fa yer verilmedi\u011fi gibi materyalizme varan bir d\u00fcnyac\u0131l\u0131\u011fa da yer verilmemi\u015ftir. \u0130nsan\u0131n i\u00e7 d\u00fcnyas\u0131n\u0131 en m\u00fckemmel bi\u00e7imde dokuyan \u0130slam, d\u0131\u015f d\u00fcnyas\u0131n\u0131 da ayn\u0131 m\u00fckemmellikte dokumaktad\u0131r. \u0130slam her alanda kendisini ger\u00e7ekle\u015ftirebilecek bir m\u00fckemmelli\u011fin ad\u0131d\u0131r&#8230;<\/p>\n<p>\u0130slam\u2019\u0131 maddi tutkular i\u00e7erisinde, l\u00fcks i\u00e7erisinde, konfor i\u00e7erisinde, ihti\u015fam i\u00e7erisinde, modern d\u00fcnyan\u0131n hazlar\u0131 i\u00e7erisinde, merasim ve protokoller i\u00e7erisinde ya\u015fat\u0131lamayaca\u011f\u0131n\u0131n bilinci i\u00e7erisindeyiz&#8230;<\/p>\n<p>M\u00fcsl\u00fcmanlar kar\u015f\u0131 kar\u015f\u0131ya bulunduklar\u0131 psikolojik ter\u00f6r y\u00fcz\u00fcnden, inan\u00e7lar\u0131n\u0131 gere\u011fi gibi a\u00e7\u0131klayamamaktad\u0131r. Bu psikolojik ter\u00f6r y\u00fcz\u00fcnden kimi M\u00fcsl\u00fcman ayd\u0131nlar ve b\u00fcrokratlar, uluslararas\u0131 modern sisteme kar\u015f\u0131 muhalefetlerini dile getirememekte, uluslararas\u0131 sistemin i\u00e7inden \u00e7\u0131kacak muhalifleri beklemekte ve bu muhaliflerin sisteme y\u00f6nelik ele\u015ftirilerini terc\u00fcme etmek suretiyle uluslararas\u0131 sistemin dokunulmaz olmad\u0131\u011f\u0131n\u0131 ispatlamaya \u00e7al\u0131\u015fmaktad\u0131r&#8230;<\/p>","protected":false},"featured_media":10087,"template":"","meta":{"spay_email":""},"product_cat":[166,174],"product_tag":[],"item":[821],"acf":[],"_links":{"self":[{"href":"https:\/\/mgvpublications.com\/de\/wp-json\/wp\/v2\/product\/10086"}],"collection":[{"href":"https:\/\/mgvpublications.com\/de\/wp-json\/wp\/v2\/product"}],"about":[{"href":"https:\/\/mgvpublications.com\/de\/wp-json\/wp\/v2\/types\/product"}],"wp:featuredmedia":[{"embeddable":true,"href":"https:\/\/mgvpublications.com\/de\/wp-json\/wp\/v2\/media\/10087"}],"wp:attachment":[{"href":"https:\/\/mgvpublications.com\/de\/wp-json\/wp\/v2\/media?parent=10086"}],"wp:term":[{"taxonomy":"product_cat","embeddable":true,"href":"https:\/\/mgvpublications.com\/de\/wp-json\/wp\/v2\/product_cat?post=10086"},{"taxonomy":"product_tag","embeddable":true,"href":"https:\/\/mgvpublications.com\/de\/wp-json\/wp\/v2\/product_tag?post=10086"},{"taxonomy":"item","embeddable":true,"href":"https:\/\/mgvpublications.com\/de\/wp-json\/wp\/v2\/item?post=10086"}],"curies":[{"name":"wp","href":"https:\/\/api.w.org\/{rel}","templated":true}]}}