{"id":10084,"date":"2020-01-07T15:00:58","date_gmt":"2020-01-07T14:00:58","guid":{"rendered":"https:\/\/dev2.mgvpublications.com\/produkt\/zamanin-sinavindan-gecmek\/"},"modified":"2022-03-08T22:32:24","modified_gmt":"2022-03-08T21:32:24","slug":"zamanin-sinavindan-gecmek","status":"publish","type":"product","link":"https:\/\/mgvpublications.com\/de\/zamanin-sinavindan-gecmek\/","title":{"rendered":"Zaman\u0131n S\u0131nav\u0131ndan Ge\u00e7mek"},"content":{"rendered":"<p>Yay\u0131n Tarihi\t2011-06-01<br \/>\nISBN\t6055793371<br \/>\nBask\u0131 Say\u0131s\u0131\t2. Bask\u0131<br \/>\nDil\tT\u00dcRK\u00c7E<br \/>\nSayfa Say\u0131s\u0131\t209<br \/>\nCilt Tipi\tKarton Kapak<br \/>\nKa\u011f\u0131t Cinsi\tKitap Ka\u011f\u0131d\u0131<br \/>\nBoyut\t11 x 21 cm<\/p>","protected":false},"excerpt":{"rendered":"<p>Eski\u015fehir\u2019deki m\u00fctevazi ofisinde her g\u00fcn onlarcas\u0131n\u0131 a\u011f\u0131rlam\u0131\u015ft\u0131r. Kim bilir kimler u\u011fram\u0131\u015ft\u0131r &#8220;abi!&#8221; diyerek. Ve niceleri o ofiste medeniyet ve medenilik dersi alm\u0131\u015ft\u0131r.<\/p>\n<p>Gidenlerin tan\u0131kl\u0131k yapaca\u011f\u0131na eminim; orada bir tecr\u00fcbe ve birikim abidesinin yan\u0131nda bir incelik ve zerafet timsali bir adam bulursunuz. Giren ister bir kanaat \u00f6nderi olsun, ister bir saya\u00e7 okuyucusu, ister bir \u00e7ayc\u0131; y\u0131llar\u0131n yorgunlu\u011fu ve a\u011fr\u0131 n\u00f6betleri koltuktan kalkmas\u0131na engel olsa da, ayakta kar\u015f\u0131layan ve kap\u0131da u\u011furlayan, sohbet esnas\u0131nda her bir eylem sonunda nezaket c\u00fcmlelerini eksik b\u0131rakmayan bir adam&#8230;<\/p>\n<p>\u015e\u00f6yle diyor:<\/p>\n<p>\u0130slamc\u0131l\u0131k tarihsel sorumlulu\u011fun ad\u0131d\u0131r.<\/p>\n<p>Ahlaki sorumluluklar alarak, tarihsel sorumluluklar alarak, insan, hayvani alandan insani alana ge\u00e7er.<\/p>\n<p>Kendi zaman\u0131m\u0131z\u0131n insan\u0131 olmak, kendi zaman\u0131m\u0131za \u00f6zg\u00fc sorumluluklar almam\u0131z\u0131 zorunlu k\u0131lar.<\/p>\n<p>Zaman\u0131n s\u0131nav\u0131ndan ge\u00e7meyi ba\u015faramayanlar, zaman\u0131n k\u00f6lesi olurlar.<\/p>","protected":false},"featured_media":10085,"template":"","meta":{"spay_email":""},"product_cat":[166,174],"product_tag":[],"item":[1356],"acf":[],"_links":{"self":[{"href":"https:\/\/mgvpublications.com\/de\/wp-json\/wp\/v2\/product\/10084"}],"collection":[{"href":"https:\/\/mgvpublications.com\/de\/wp-json\/wp\/v2\/product"}],"about":[{"href":"https:\/\/mgvpublications.com\/de\/wp-json\/wp\/v2\/types\/product"}],"wp:featuredmedia":[{"embeddable":true,"href":"https:\/\/mgvpublications.com\/de\/wp-json\/wp\/v2\/media\/10085"}],"wp:attachment":[{"href":"https:\/\/mgvpublications.com\/de\/wp-json\/wp\/v2\/media?parent=10084"}],"wp:term":[{"taxonomy":"product_cat","embeddable":true,"href":"https:\/\/mgvpublications.com\/de\/wp-json\/wp\/v2\/product_cat?post=10084"},{"taxonomy":"product_tag","embeddable":true,"href":"https:\/\/mgvpublications.com\/de\/wp-json\/wp\/v2\/product_tag?post=10084"},{"taxonomy":"item","embeddable":true,"href":"https:\/\/mgvpublications.com\/de\/wp-json\/wp\/v2\/item?post=10084"}],"curies":[{"name":"wp","href":"https:\/\/api.w.org\/{rel}","templated":true}]}}