{"id":10080,"date":"2020-01-07T14:51:20","date_gmt":"2020-01-07T13:51:20","guid":{"rendered":"https:\/\/dev2.mgvpublications.com\/produkt\/insan-ilmihali\/"},"modified":"2022-04-08T06:19:39","modified_gmt":"2022-04-08T04:19:39","slug":"insan-ilmihali","status":"publish","type":"product","link":"https:\/\/mgvpublications.com\/de\/insan-ilmihali\/","title":{"rendered":"\u0130nsan \u0130lmihali"},"content":{"rendered":"<p>Yay\u0131n Tarihi: 23.08.2021<br \/>ISBN: 9786057850089<br \/>Dil: T\u00dcRK\u00c7E<br \/>Sayfa Say\u0131s\u0131: 216<br \/>Cilt Tipi: Karton Kapak<br \/>Ka\u011f\u0131t Cinsi: Kitap Ka\u011f\u0131d\u0131<br \/>Boyut: 13.5 x 21 cm<\/p>","protected":false},"excerpt":{"rendered":"<p>Bug\u00fcn M\u00fcsl\u00fcmanlar olarak ne yaz\u0131k ki \u0130slaml\u0131k iddias\u0131 ile yapt\u0131\u011f\u0131m\u0131z i\u015flerde insanl\u0131k alt yap\u0131s\u0131n\u0131 aramay\u0131 gereksiz g\u00f6rebilecek bir noktaya s\u00fcr\u00fcklenmi\u015f durumday\u0131z. Mesela yalan konu\u015fmak haramd\u0131r diye biliyoruz ama bunun insanl\u0131\u011f\u0131 eskitti\u011fi i\u00e7in yasak olmu\u015f olabilece\u011fini d\u00fc\u015f\u00fcnm\u00fcyoruz. Faizden sadece din haram ediyor diye ka\u00e7\u0131n\u0131yoruz ama insana ve insan eme\u011fine kar\u015f\u0131 bir su\u00e7 olu\u015fturdu\u011funu ak\u0131l etmiyoruz. Medine\u2019de insan eksenli bir medeniyet tesis eden sevgili Peygamber Aleyhisselam Efendimiz\u2019in, yan\u0131 ba\u015f\u0131nda namaz k\u0131lan karde\u015fini rahats\u0131z edece\u011fi i\u00e7in sar\u0131msak ve benzeri \u015feyleri yiyenlerin mescitlere gelmelerini men etti\u011fini ni\u00e7in tefekk\u00fcr edemez ve bunu g\u00fcnl\u00fck hayat\u0131m\u0131z\u0131n pek \u00e7ok b\u00f6l\u00fcm\u00fcne ta\u015f\u0131may\u0131z? Sadece g\u0131ybet konusunu ele ald\u0131\u011f\u0131m\u0131zda bile insanl\u0131kta d\u00fc\u015f\u00fck puanl\u0131 kald\u0131k\u00e7a M\u00fcsl\u00fcmanl\u0131kta y\u00fcksek puanl\u0131 olamayaca\u011f\u0131m\u0131z\u0131 idrak edebiliriz.<\/p>","protected":false},"featured_media":23161,"template":"","meta":{"spay_email":""},"product_cat":[174],"product_tag":[],"item":[363],"acf":[],"_links":{"self":[{"href":"https:\/\/mgvpublications.com\/de\/wp-json\/wp\/v2\/product\/10080"}],"collection":[{"href":"https:\/\/mgvpublications.com\/de\/wp-json\/wp\/v2\/product"}],"about":[{"href":"https:\/\/mgvpublications.com\/de\/wp-json\/wp\/v2\/types\/product"}],"wp:featuredmedia":[{"embeddable":true,"href":"https:\/\/mgvpublications.com\/de\/wp-json\/wp\/v2\/media\/23161"}],"wp:attachment":[{"href":"https:\/\/mgvpublications.com\/de\/wp-json\/wp\/v2\/media?parent=10080"}],"wp:term":[{"taxonomy":"product_cat","embeddable":true,"href":"https:\/\/mgvpublications.com\/de\/wp-json\/wp\/v2\/product_cat?post=10080"},{"taxonomy":"product_tag","embeddable":true,"href":"https:\/\/mgvpublications.com\/de\/wp-json\/wp\/v2\/product_tag?post=10080"},{"taxonomy":"item","embeddable":true,"href":"https:\/\/mgvpublications.com\/de\/wp-json\/wp\/v2\/item?post=10080"}],"curies":[{"name":"wp","href":"https:\/\/api.w.org\/{rel}","templated":true}]}}