{"id":10058,"date":"2020-03-25T02:21:28","date_gmt":"2020-03-25T01:21:28","guid":{"rendered":"https:\/\/dev2.mgvpublications.com\/produkt\/derin-ve-gizli-devlet-gazetecisi-olarak-itiraflarim\/"},"modified":"2022-03-08T22:32:22","modified_gmt":"2022-03-08T21:32:22","slug":"derin-ve-gizli-devlet-gazetecisi-olarak-itiraflarim","status":"publish","type":"product","link":"https:\/\/mgvpublications.com\/de\/derin-ve-gizli-devlet-gazetecisi-olarak-itiraflarim\/","title":{"rendered":"Derin ve Gizli Devlet Gazetecisi Olarak \u0130tiraflar\u0131m"},"content":{"rendered":"<table class=\"attribute\">\n<tbody>\n<tr>\n<td>Ver\u00f6fentlichung<\/td>\n<td>2019-10-11<\/td>\n<\/tr>\n<tr>\n<td>ISBN<\/td>\n<td>6052985526<\/td>\n<\/tr>\n<tr>\n<td>Druckauflage<\/td>\n<td>2. Bask\u0131<\/td>\n<\/tr>\n<tr>\n<td>Sprache<\/td>\n<td>T\u00dcRK\u00c7E<\/td>\n<\/tr>\n<tr>\n<td>Seiten<\/td>\n<td>208<\/td>\n<\/tr>\n<tr>\n<td>Art<\/td>\n<td>Karton Kapak<\/td>\n<\/tr>\n<tr>\n<td>Papierart<\/td>\n<td>Kitap Ka\u011f\u0131d\u0131<\/td>\n<\/tr>\n<tr>\n<td>Ma\u00dfe<\/td>\n<td>13.5 x 19.5 cm<\/td>\n<\/tr>\n<\/tbody>\n<\/table>","protected":false},"excerpt":{"rendered":"<p>Erdo\u011fan Siirt se\u00e7imlerinin yenilenmesi kar\u015f\u0131l\u0131\u011f\u0131nda Baykal\u2019a<br \/>\nne s\u00f6z verdi?<br \/>\nErdo\u011fan ve B\u00fcy\u00fckan\u0131t\u2019\u0131n Dolmabah\u00e7e g\u00f6r\u00fc\u015fmesindeki b\u00fcy\u00fck s\u0131r ne? \u0130kili kimin cumhurba\u015fkan\u0131 olmas\u0131nda anla\u015ft\u0131? O ki\u015fi neden aday bile olamad\u0131? B\u00fcy\u00fckan\u0131t tutulmayan s\u00f6ze ra\u011fmen neden hep sustu?<br \/>\nEmine Erdo\u011fan &#8211; Hayrunnisa G\u00fcl kavgas\u0131n\u0131n perde arkas\u0131\u2026<br \/>\nAKP\u2019yi kapatma davas\u0131nda Pentagon nas\u0131l bir rol oynad\u0131?<br \/>\n\u00d6nder Sav\u2019\u0131n Baykal\u2019a operasyonda yer almas\u0131n\u0131 kimler,<br \/>\nnas\u0131l sa\u011flad\u0131?<br \/>\n\u0130stihbarat Ba\u015fkan\u0131\u2019n\u0131n a\u00e7\u0131klad\u0131\u011f\u0131 o cinayetler\u2026<br \/>\nKomando kamplar\u0131n\u0131n arkas\u0131ndaki CIA ile ba\u011flant\u0131l\u0131 o isim kimdi?<br \/>\nO AKP\u2019li milletvekiline \u201cBen M\u0130T M\u00fcste\u015farl\u0131\u011f\u0131 de\u011fil, CIA \u015fube m\u00fcd\u00fcrl\u00fc\u011f\u00fc yapt\u0131m\u201d diyen kimdi?<br \/>\nMuhsin Yaz\u0131c\u0131o\u011flu\u2019nun i\u015faret etti\u011fi Alparslan T\u00fcrke\u015f \u2013 Kas\u0131m G\u00fclek ili\u015fkisinin s\u0131rlar\u0131\u2026<br \/>\nMuhsin Yaz\u0131c\u0131o\u011flu telefonda Fethullah G\u00fclen\u2019e en son ne s\u00f6yledi?<br \/>\nErdo\u011fan ile Perin\u00e7ek aras\u0131ndaki esrarengiz ili\u015fkinin perde arkas\u0131\u2026<\/p>","protected":false},"featured_media":15782,"template":"","meta":{"spay_email":""},"product_cat":[173],"product_tag":[],"item":[697],"acf":[],"_links":{"self":[{"href":"https:\/\/mgvpublications.com\/de\/wp-json\/wp\/v2\/product\/10058"}],"collection":[{"href":"https:\/\/mgvpublications.com\/de\/wp-json\/wp\/v2\/product"}],"about":[{"href":"https:\/\/mgvpublications.com\/de\/wp-json\/wp\/v2\/types\/product"}],"wp:featuredmedia":[{"embeddable":true,"href":"https:\/\/mgvpublications.com\/de\/wp-json\/wp\/v2\/media\/15782"}],"wp:attachment":[{"href":"https:\/\/mgvpublications.com\/de\/wp-json\/wp\/v2\/media?parent=10058"}],"wp:term":[{"taxonomy":"product_cat","embeddable":true,"href":"https:\/\/mgvpublications.com\/de\/wp-json\/wp\/v2\/product_cat?post=10058"},{"taxonomy":"product_tag","embeddable":true,"href":"https:\/\/mgvpublications.com\/de\/wp-json\/wp\/v2\/product_tag?post=10058"},{"taxonomy":"item","embeddable":true,"href":"https:\/\/mgvpublications.com\/de\/wp-json\/wp\/v2\/item?post=10058"}],"curies":[{"name":"wp","href":"https:\/\/api.w.org\/{rel}","templated":true}]}}