{"id":10055,"date":"2019-11-26T17:05:21","date_gmt":"2019-11-26T16:05:21","guid":{"rendered":"https:\/\/dev2.mgvpublications.com\/produkt\/genc-bir-doktorun-anilari\/"},"modified":"2022-03-08T22:32:22","modified_gmt":"2022-03-08T21:32:22","slug":"genc-bir-doktorun-anilari","status":"publish","type":"product","link":"https:\/\/mgvpublications.com\/de\/genc-bir-doktorun-anilari\/","title":{"rendered":"Gen\u00e7 Bir Doktorun An\u0131lar\u0131"},"content":{"rendered":"<table class=\"attribute\">\n<tbody>\n<tr>\n<td>\u00c7evirmen:<\/td>\n<td><a href=\"https:\/\/www.kitapyurdu.com\/yazar\/tugba-bolat\/177733.html\" target=\"_blank\" rel=\"noopener\">Tu\u011fba Bolat<\/a><\/td>\n<\/tr>\n<tr>\n<td>Ver\u00f6fentlichung<\/td>\n<td>2019-09-19<\/td>\n<\/tr>\n<tr>\n<td>Orjinal Ad\u0131<\/td>\n<td>Zapiski Yunogo Vracha<\/td>\n<\/tr>\n<tr>\n<td>ISBN<\/td>\n<td>6053323112<\/td>\n<\/tr>\n<tr>\n<td>Druckauflage<\/td>\n<td>16. Bask\u0131<\/td>\n<\/tr>\n<tr>\n<td>Sprache<\/td>\n<td>T\u00dcRK\u00c7E<\/td>\n<\/tr>\n<tr>\n<td>Seiten<\/td>\n<td>168<\/td>\n<\/tr>\n<tr>\n<td>Art<\/td>\n<td>Karton Kapak<\/td>\n<\/tr>\n<tr>\n<td>Papierart<\/td>\n<td>Kitap Ka\u011f\u0131d\u0131<\/td>\n<\/tr>\n<tr>\n<td>Ma\u00dfe<\/td>\n<td>12.5 x 20.5 cm<\/td>\n<\/tr>\n<\/tbody>\n<\/table>","protected":false},"excerpt":{"rendered":"<p>Devrim zaman\u0131 Rusya\u2026 Karak\u0131\u015f\u0131 aratmayacak kadar so\u011fuk, kasvetli bir eyl\u00fcl g\u00fcn\u00fc, t\u0131p fak\u00fcltesinden yeni mezun olmu\u015f bir doktor, \u015fehirde \u00e7oktan unutulmu\u015f geleneklerin ve bo\u015f inan\u00e7lar\u0131n h\u00fck\u00fcm s\u00fcrd\u00fc\u011f\u00fc uzak bir kasabaya gelir. Devrim, b\u00fcy\u00fck \u015fehirlerin merkezlerinde hayat\u0131 ve zihniyetleri alt\u00fcst ederken, bu gen\u00e7 doktor \u00fclkenin \u00fccra bir b\u00f6lgesinde kadercilikle ve bat\u0131l inan\u00e7larla zorlu bir m\u00fccadeleye giri\u015fir.<br \/>\nZor bir do\u011fum, hassas bir cerrahi m\u00fcdahale, uzaktaki bir hastaya ula\u015fabilmek i\u00e7in \u015fiddetli bir kar f\u0131rt\u0131nas\u0131na ra\u011fmen g\u00f6ze al\u0131nan bir yolculuk, a\u011fr\u0131lar\u0131n\u0131 dindirmeye \u00e7al\u0131\u015f\u0131rken morfinman olan bir meslekta\u015f\u2026 Gen\u00e7 doktorun g\u00fcndelik hayat\u0131nda kar\u015f\u0131la\u015ft\u0131\u011f\u0131 b\u00fct\u00fcn zorlu s\u0131navlar, Bulgakov\u2019un elinde ola\u011fan\u00fcst\u00fc g\u00fc\u00e7l\u00fc bir anlat\u0131mla, dram s\u0131n\u0131rlar\u0131nda gezinen bir dokunakl\u0131l\u0131kta \u00f6yk\u00fclere d\u00f6n\u00fc\u015f\u00fcr.<\/p>","protected":false},"featured_media":14292,"template":"","meta":{"spay_email":""},"product_cat":[167,168],"product_tag":[],"item":[336],"acf":[],"_links":{"self":[{"href":"https:\/\/mgvpublications.com\/de\/wp-json\/wp\/v2\/product\/10055"}],"collection":[{"href":"https:\/\/mgvpublications.com\/de\/wp-json\/wp\/v2\/product"}],"about":[{"href":"https:\/\/mgvpublications.com\/de\/wp-json\/wp\/v2\/types\/product"}],"wp:featuredmedia":[{"embeddable":true,"href":"https:\/\/mgvpublications.com\/de\/wp-json\/wp\/v2\/media\/14292"}],"wp:attachment":[{"href":"https:\/\/mgvpublications.com\/de\/wp-json\/wp\/v2\/media?parent=10055"}],"wp:term":[{"taxonomy":"product_cat","embeddable":true,"href":"https:\/\/mgvpublications.com\/de\/wp-json\/wp\/v2\/product_cat?post=10055"},{"taxonomy":"product_tag","embeddable":true,"href":"https:\/\/mgvpublications.com\/de\/wp-json\/wp\/v2\/product_tag?post=10055"},{"taxonomy":"item","embeddable":true,"href":"https:\/\/mgvpublications.com\/de\/wp-json\/wp\/v2\/item?post=10055"}],"curies":[{"name":"wp","href":"https:\/\/api.w.org\/{rel}","templated":true}]}}