{"id":10025,"date":"2019-11-20T16:53:27","date_gmt":"2019-11-20T15:53:27","guid":{"rendered":"https:\/\/dev2.mgvpublications.com\/produkt\/dedemin-bakkali-cirak\/"},"modified":"2022-03-08T22:32:22","modified_gmt":"2022-03-08T21:32:22","slug":"dedemin-bakkali-cirak","status":"publish","type":"product","link":"https:\/\/mgvpublications.com\/de\/dedemin-bakkali-cirak\/","title":{"rendered":"Dedemin Bakkal\u0131 &#8211; \u00c7\u0131rak"},"content":{"rendered":"<p>\u00c7izer:\tMert Tugen<br \/>\nYay\u0131n Tarihi\t2018-05-01<br \/>\nISBN\t6058273788<br \/>\nBask\u0131 Say\u0131s\u0131\t4. Bask\u0131<br \/>\nDil\tT\u00dcRK\u00c7E<br \/>\nSayfa Say\u0131s\u0131\t160<br \/>\nCilt Tipi\tKarton Kapak<br \/>\nKa\u011f\u0131t Cinsi\tKitap Ka\u011f\u0131d\u0131<br \/>\nBoyut\t13.5 x 21 cm<\/p>","protected":false},"excerpt":{"rendered":"<p>Dedemin Bakkal\u0131\u2019n\u0131 okuyanlar bilir!<br \/>\nO, tuz ruhu isteyen m\u00fc\u015fteriye yemek tuzu g\u00f6nderip \u201cruhu arkadan gelecek\u201d diyen bir giri\u015fimci\u2026<br \/>\nO, fakir m\u00fc\u015fterilere bedava \u00fcr\u00fcnler sat\u0131p \u00fccreti zenginlerin hesab\u0131na yazan bir kahraman\u2026<br \/>\nO, bakkaldaki i\u00e7ecekleri birbirine kar\u0131\u015ft\u0131r\u0131p daha g\u00fczelini bulmak ve m\u00fc\u015fterilerine sunmak i\u00e7in u\u011fra\u015fan bir sivri zeka\u2026<br \/>\nO, Afrikal\u0131 \u00e7ocuklara yard\u0131m g\u00f6ndermek i\u00e7in arkada\u015flar\u0131n\u0131n ellerinden kandil yiyeceklerini toplayan bir yard\u0131msever\u2026<br \/>\nO, att\u0131\u011f\u0131 her ad\u0131m olay olan, a\u015f\u0131r\u0131 e\u011flenceli, cin fikirli, fena halde yenilik\u00e7i bir bakkal \u00e7\u0131ra\u011f\u0131\u2026<\/p>\n<p>Ticaret hayat\u0131nda tam gaz ko\u015ftu ama her seferinde yeti\u015fkinlerin d\u00fcnyas\u0131na toslad\u0131. Yeti\u015fkinler y\u00fcz\u00fcnden ba\u015f\u0131na gelmeyen kalmad\u0131\u2026<br \/>\nAma \u015fimdi Bakkal onun eline ge\u00e7ti!<br \/>\n\u00c7\u0131rak i\u015f ba\u015f\u0131nda!<br \/>\nDedemin Bakkal\u0131-\u00c7\u0131rak gelece\u011fin giri\u015fimcilerine, kahramanlar\u0131na, yazarlar\u0131na, mucitlerine, yard\u0131mseverlerine incelikli bir \u201c\u00e7\u0131rakl\u0131k\u201d rehberi sunuyor. T\u00fcm cin fikirli \u00e7\u0131raklara; yeti\u015fkinlere ra\u011fmen \u00fcretmenin, d\u00fc\u015f\u00fcnmenin, hayal kurman\u0131n, yazman\u0131n yollar\u0131n\u0131 anlat\u0131yor.<br \/>\nBakkal \u015fimdi senin elinde!<br \/>\nHadi s\u0131n\u0131rs\u0131zca \u00fcret, hayal et, fikirlerini hayata ge\u00e7ir!<\/p>\n<p>\u015eermin \u00c7arkac\u0131\u2019n\u0131n kendi hat\u0131ralar\u0131ndan ilhamla kaleme ald\u0131\u011f\u0131 Dedemin Bakkal\u0131\u2019n\u0131n, i\u00e7ine okuyucuyu da katan etkinlikli devam kitab\u0131 olan Dedemin Bakkal\u0131-\u00c7\u0131rak\u2019ta, hayal kurmak, yeni fikirler bulmak, yazmak ve \u00fcretmekle ilgili hikayelerin yan\u0131 s\u0131ra hikayeleri okuyucunun hayat\u0131na uygulama imkan\u0131 veren etkinlikler yer al\u0131yor.<\/p>","protected":false},"featured_media":10026,"template":"","meta":{"spay_email":""},"product_cat":[172,168],"product_tag":[],"item":[797],"acf":[],"_links":{"self":[{"href":"https:\/\/mgvpublications.com\/de\/wp-json\/wp\/v2\/product\/10025"}],"collection":[{"href":"https:\/\/mgvpublications.com\/de\/wp-json\/wp\/v2\/product"}],"about":[{"href":"https:\/\/mgvpublications.com\/de\/wp-json\/wp\/v2\/types\/product"}],"wp:featuredmedia":[{"embeddable":true,"href":"https:\/\/mgvpublications.com\/de\/wp-json\/wp\/v2\/media\/10026"}],"wp:attachment":[{"href":"https:\/\/mgvpublications.com\/de\/wp-json\/wp\/v2\/media?parent=10025"}],"wp:term":[{"taxonomy":"product_cat","embeddable":true,"href":"https:\/\/mgvpublications.com\/de\/wp-json\/wp\/v2\/product_cat?post=10025"},{"taxonomy":"product_tag","embeddable":true,"href":"https:\/\/mgvpublications.com\/de\/wp-json\/wp\/v2\/product_tag?post=10025"},{"taxonomy":"item","embeddable":true,"href":"https:\/\/mgvpublications.com\/de\/wp-json\/wp\/v2\/item?post=10025"}],"curies":[{"name":"wp","href":"https:\/\/api.w.org\/{rel}","templated":true}]}}