{"id":10023,"date":"2019-11-20T16:50:02","date_gmt":"2019-11-20T15:50:02","guid":{"rendered":"https:\/\/dev2.mgvpublications.com\/produkt\/evrensel-ufkun-imkanlari\/"},"modified":"2022-03-08T22:32:22","modified_gmt":"2022-03-08T21:32:22","slug":"evrensel-ufkun-imkanlari","status":"publish","type":"product","link":"https:\/\/mgvpublications.com\/de\/evrensel-ufkun-imkanlari\/","title":{"rendered":"Evrensel Ufkun \u0130mkanlar\u0131"},"content":{"rendered":"<p>Yay\u0131n Tarihi\t2017-11-11<br \/>\nISBN\t9754737769<br \/>\nBask\u0131 Say\u0131s\u0131\t1. Bask\u0131<br \/>\nDil\tT\u00dcRK\u00c7E<br \/>\nSayfa Say\u0131s\u0131\t316<br \/>\nCilt Tipi\tKarton Kapak<br \/>\nKa\u011f\u0131t Cinsi\tKitap Ka\u011f\u0131d\u0131<br \/>\nBoyut\t13.5 x 21 cm<\/p>","protected":false},"excerpt":{"rendered":"<p>Evrensel Ufkun \u0130mk\u00e2nlar\u0131, Atasoy M\u00fcft\u00fco\u011flu\u2019nun siyas\u00ee alan, hayat, edebiyat, \u0130sl\u00e2m\u00ee uyan\u0131\u015f, \u00f6nc\u00fcler, okuma, vakit ve k\u00fclt\u00fcr konular\u0131nda verdi\u011fi s\u00f6yle\u015filerin \u00f6nemli bir k\u0131sm\u0131n\u0131 bir araya getiriyor. Yazar, sorular kar\u015f\u0131s\u0131nda bazen d\u00fc\u015f\u00fcncelerini a\u00e7\u0131yor, bazen de \u00fczerine do\u011frudan yazmad\u0131\u011f\u0131 konular hakk\u0131nda g\u00f6r\u00fc\u015flerini a\u00e7\u0131kl\u0131yor.<\/p>\n<p>Arap isyanlar\u0131, \u0130ran ve Suriye meselesi ba\u015fta olmak \u00fczere akt\u00fcel konularda muhabirlerin t\u00fcm s\u0131k\u0131\u015ft\u0131rma \u00e7abalar\u0131 kar\u015f\u0131s\u0131nda M\u00fcft\u00fco\u011flu\u2019nun bir yandan hakikatin hakk\u0131n\u0131 verirken bir yandan da zarafeti elden b\u0131rakmadan g\u00fcn\u00fcn moda kanaatleriyle aras\u0131na ele\u015ftirel bir mesafe koymaya \u00e7al\u0131\u015ft\u0131\u011f\u0131n\u0131 g\u00f6r\u00fcyoruz.<br \/>\nTravmalar\u0131n \u00fcst \u00fcste geldi\u011fi, kriz zamanlar\u0131nda fikr\u00ee ve siyas\u00ee miras\u0131m\u0131z\u0131n, siyas\u00ee ve k\u00fclt\u00fcrel nostaljinin \u00f6tesine ge\u00e7ip umut vaat eden bir gelecek in\u015fa etme noktas\u0131ndaki yetersizli\u011fine s\u0131kl\u0131kla de\u011finen Atasoy M\u00fcft\u00fco\u011flu, ele\u015ftirel hassasiyetini hi\u00e7bir zaman elden b\u0131rakm\u0131yor.  M\u00fcft\u00fco\u011flu\u2019nun engin k\u00fclt\u00fcr\u00fcyle y\u00fckl\u00fc s\u00f6yle\u015filerden olu\u015fan Evrensel Ufkun \u0130mk\u00e2nlar\u0131,d\u00fc\u015f\u00fcn\u00fcr\u00fcn k\u00fclliyat\u0131n\u0131n vazge\u00e7ilmez bir tamamlay\u0131c\u0131s\u0131 mahiyetinde.<\/p>","protected":false},"featured_media":10024,"template":"","meta":{"spay_email":""},"product_cat":[232],"product_tag":[],"item":[389],"acf":[],"_links":{"self":[{"href":"https:\/\/mgvpublications.com\/de\/wp-json\/wp\/v2\/product\/10023"}],"collection":[{"href":"https:\/\/mgvpublications.com\/de\/wp-json\/wp\/v2\/product"}],"about":[{"href":"https:\/\/mgvpublications.com\/de\/wp-json\/wp\/v2\/types\/product"}],"wp:featuredmedia":[{"embeddable":true,"href":"https:\/\/mgvpublications.com\/de\/wp-json\/wp\/v2\/media\/10024"}],"wp:attachment":[{"href":"https:\/\/mgvpublications.com\/de\/wp-json\/wp\/v2\/media?parent=10023"}],"wp:term":[{"taxonomy":"product_cat","embeddable":true,"href":"https:\/\/mgvpublications.com\/de\/wp-json\/wp\/v2\/product_cat?post=10023"},{"taxonomy":"product_tag","embeddable":true,"href":"https:\/\/mgvpublications.com\/de\/wp-json\/wp\/v2\/product_tag?post=10023"},{"taxonomy":"item","embeddable":true,"href":"https:\/\/mgvpublications.com\/de\/wp-json\/wp\/v2\/item?post=10023"}],"curies":[{"name":"wp","href":"https:\/\/api.w.org\/{rel}","templated":true}]}}