{"id":13701,"date":"2020-12-10T13:48:09","date_gmt":"2020-12-10T12:48:09","guid":{"rendered":"https:\/\/dev2.mgvpublications.com\/?page_id=13701"},"modified":"2020-12-10T13:48:09","modified_gmt":"2020-12-10T12:48:09","slug":"agb","status":"publish","type":"page","link":"https:\/\/mgvpublications.com\/de\/agb\/","title":{"rendered":"Allgemeine Gesch\u00e4ftsbedingungen"},"content":{"rendered":"<p><strong>AGB \u2013<\/strong>&nbsp;<strong>Allgemeine Gesch\u00e4ftsbedingungen<\/strong><br>Die nachstehenden AGB enthalten zugleich gesetzliche Informationen zu Ihren Rechten nach den Vorschriften \u00fcber Vertr\u00e4ge im Fernabsatz und im elektronischen Gesch\u00e4ftsverkehr.<\/p>\n\n\n\n<p>1&nbsp;<strong>Geltungsbereich<br><\/strong>F\u00fcr alle Lieferungen von&nbsp;<a href=\"https:\/\/mgvpublications.com\/de\/\"><em>www.mgvpublications.com<\/em><\/a>&nbsp;Kunden gelten diese Allgemeinen Gesch\u00e4ftsbedingungen (AGB).<\/p>\n\n\n\n<p>Verbraucher ist jede nat\u00fcrliche Person, die ein Rechtsgesch\u00e4ft zu Zwecken abschlie\u00dft, das \u00fcberwiegend weder ihrer gewerblichen noch ihrer selbst\u00e4ndigen beruflichen T\u00e4tigkeit zugerechnet werden kann. Unternehmer ist eine nat\u00fcrliche oder juristische Person oder rechtsf\u00e4hige Personengesellschaft, die bei Abschluss eines Rechtsgesch\u00e4fts in Aus\u00fcbung ihrer gewerblichen oder selbst\u00e4ndigen beruflichen T\u00e4tigkeit handelt.<\/p>\n\n\n\n<p>Diese Ihnen vorliegenden Allgemeinen Gesch\u00e4ftsbedingungen (AGB) gelten f\u00fcr alle Vertr\u00e4ge, die zwischen Ihnen als Kunden und uns als Betreiber des&nbsp;<em>Online-Bookshop<\/em>&nbsp;in \u00d6sterreich abgeschlossen werden. Im Rahmen des Bestellvorgangs erkennen Sie die AGB in der zum Zeitpunkt der Abgabe der Bestellung geltenden Form an.<\/p>\n\n\n\n<p><strong>2 Betreiber und Vertragspartner<br><\/strong>Betreiber des Online-Bookshop und Ihr Vertragspartner ist:<\/p>\n\n\n\n<p><strong>MGV Publications GmbH<\/strong><\/p>\n\n\n\n<p>Sechshauser G\u00fcrtel 3 \/2-5 1150 Wien \u00d6sterreich \u2013 UID: ATU73631279 Firmenbuch \u2013 Nr.: 498205f &nbsp;<\/p>\n\n\n\n<p><strong>E-Mail:<\/strong>&nbsp;office@mgvpublications.com&nbsp;<strong>Website:&nbsp;<\/strong><a href=\"https:\/\/mgvpublications.com\/de\/\">www.mgvpublications.com<\/a><\/p>\n\n\n\n<p><strong>Telefon:<\/strong>+43 1 239 52 8 \/ +43 660 1230508<\/p>\n\n\n\n<p><strong>3 Angebot und Vertragsschluss<br><\/strong>Die Darstellung unseres Sortiments in unserem Online-Bookshop stellt kein rechtlich bindendes Angebot, sondern einen unverbindlichen Onlinekatalog.<\/p>\n\n\n\n<p>Die von uns verwendete Software bietet Ihnen die M\u00f6glichkeit Ihre Bestellung zu korrigieren bzw. zu erg\u00e4nzen oder sogar komplett abzubrechen.<\/p>\n\n\n\n<p><strong>4 Zahlung<br><\/strong>Die Zahlung der von Ihnen bestellten Ware erfolgt ausschlie\u00dflich in EURO (\u20ac) per Bank\u00fcberweisung auf das in der Rechnung angegeben Konto.<\/p>\n\n\n\n<p>Die Ware wird erst nach Begleichung der Rechnung bzw. nach Erhalt des vollst\u00e4ndigen Rechnungsbetrags versendet.<\/p>\n\n\n\n<p><strong>5 Eigentumsvorbehalt<br><\/strong>Die Ware bleibt bis zur vollst\u00e4ndigen Bezahlung unser Eigentum.<\/p>\n\n\n\n<p><strong>6 Lieferung<\/strong><br>Die Lieferung erfolgt ab Lager an die vom Kunden (Besteller\/Vertragspartner) angegebene Lieferadresse, solange nicht etwas anderes vereinbart wurde. Alle Angaben bez\u00fcglich der Lieferfrist sind unverbindlich. Ebenfalls m\u00f6chten wir darauf hinweisen, dass es keine Mindestbestellmenge gibt. Es bleibt uns vorbehalten, eine Teillieferung vorzunehmen, sofern dies f\u00fcr eine z\u00fcgige Abwicklung vorteilhaft erscheint.<\/p>\n\n\n\n<p>Sollte ein Artikel nach der Bestellung nicht mehr auslieferbar sein, behalten wir uns den R\u00fccktritt vor und werden Sie schnellstm\u00f6glich nach Eingang Ihrer Bestellung dar\u00fcber informieren. Haben Sie bereits Zahlungen geleistet, erstatten wir diese unverz\u00fcglich.<\/p>\n\n\n\n<p><strong>7 Transportsch\u00e4den<\/strong><br>Falls der Fall eintreten sollte, dass Waren mit offensichtlichen Transportsch\u00e4den bei Ihnen angeliefert wurden, so bitten wir Sie dies beim Zusteller unverz\u00fcglich zu reklamieren und nehmen Sie bitte unverz\u00fcglich Kontakt zu uns auf. Die Vers\u00e4umung einer Reklamation oder Kontaktaufnahme hat f\u00fcr Ihre gesetzlichen Anspr\u00fcche und deren Durchsetzung, insbesondere Ihre Gew\u00e4hrleistungsrechte, keinerlei Konsequenzen.<\/p>\n\n\n\n<p><strong>8 Preise und Versandkosten<br><\/strong>Die auf den Produktseiten genannten Preise enthalten nur den Preis der Ware selbst und keine sonstigen Preisbestandteile, wie z. B. die Versandkostenpauschale.<\/p>\n\n\n\n<p>Bei allen Bestellung erheben wir eine Versandkosten, welche nicht im Warenpreis inkludiert ist.<\/p>\n\n\n\n<p>Die Versandkostenpauschale wird separat auf der Bestellung\/Rechnung angef\u00fchrt.<\/p>\n\n\n\n<p><strong>9 Umsatzsteuerbefreiung<br><\/strong>Als Verein genie\u00dfen wir die Umsatzsteuerbefreiung gem\u00e4\u00df \u00a7 6 Abs. 1 Z 12 UStG 1994.<\/p>\n\n\n\n<p><strong>10 Gew\u00e4hrleistung<br><\/strong>Die uns gesetzlich vorgeschriebene Gew\u00e4hrleistungsfrist richtet sich nach den gesetzlichen Bestimmungen, d.h. bei Verbrauchern 2 Jahre ab dem Datum der Ablieferung (Erhalt und Empfangnahme der Ware durch den Kunden).<\/p>\n\n\n\n<p><strong>11 Copyright<br><\/strong>Das Urheberrecht\/Copyright f\u00fcr ver\u00f6ffentlichte Beitr\u00e4ge und Druckwerke liegt ausschlie\u00dflich bei dem MGV Publications.<\/p>\n\n\n\n<p>Nachdruck sowie Vervielf\u00e4ltigungen oder sonstige Verwertung von Texten, Textteilen oder Bildmaterial nur mit schriftlicher Genehmigung vom MGV Publications.<\/p>\n\n\n\n<p><strong>12 Widerrufsrecht und Widerrufsbelehrung<br><\/strong>Hiermit m\u00f6chten wir Sie darauf hinweisen, dass Sie das Recht haben, innerhalb von 14 Tagen ohne Angabe von Gr\u00fcnden vom Vertrag zur\u00fcckzutreten bzw. diesen zu widerrufen. Die Widerrufsfrist von 14 Tagen beginnt ab dem Tag der Inbesitznahme der Ware seitens des Bestellers. Um das Widerrufsrecht geltend zu machen, m\u00fcssen Sie, der Besteller, uns das von Ihnen ausgef\u00fcllte Muster-Widerrufsformular an die folgende Adresse senden:<\/p>\n\n\n\n<p><strong>MGV Publications GmbH<\/strong><\/p>\n\n\n\n<p>Sechshauser G\u00fcrtel 3 \/2-5 1150 Wien \u00d6sterreich \u2013 UID: ATU73631279 Firmenbuch \u2013 Nr.: 498205f &nbsp;<\/p>\n\n\n\n<p><strong>E-Mail:<\/strong>&nbsp;office@mgvpublications.com&nbsp;<strong>Website:&nbsp;<\/strong><a href=\"https:\/\/mgvpublications.com\/de\/\">www.mgvpublications.com<\/a><\/p>\n\n\n\n<p><strong>Telefon:<\/strong>+43 1 239 52 8 \/ +43 660 1230508<\/p>\n\n\n\n<p>&nbsp;Die Sendung ist auch per E-Mail an office@mgvpublications.com m\u00f6glich.<\/p>\n\n\n\n<p>Wahrung der Widerrufsfrist reicht es aus, dass Sie die Mitteilung \u00fcber die Aus\u00fcbung des Widerrufsrechts vor Ablauf der Widerrufsfrist absenden. F\u00fcr die Absendung des Widerrufs tragen sie die Nachweispflicht.<\/p>\n\n\n\n<p><strong>Muster-Widerrufsformular<\/strong><\/p>\n\n\n\n<p>Widerrufsformular<\/p>\n\n\n\n<p>An:<\/p>\n\n\n\n<p><strong>MGV Publications GmbH<\/strong><\/p>\n\n\n\n<p>Sechshauser G\u00fcrtel 3 \/2-5 1150 Wien \u00d6sterreich \u2013 UID: ATU73631279 Firmenbuch \u2013 Nr.: 498205f &nbsp;<\/p>\n\n\n\n<p><strong>E-Mail:<\/strong>&nbsp;office@mgvpublications.com&nbsp;<\/p>\n\n\n\n<p>&nbsp;Hiermit widerrufe(n) ich\/wir den von mir\/uns abgeschlossenen Vertrag \u00fcber den Kauf der folgenden Waren<\/p>\n\n\n\n<p>(*)\/die Erbringung der folgenden Dienstleistung (*):<\/p>\n\n\n\n<p>\u2013\u2013\u2013\u2013\u2013\u2013\u2013\u2013\u2013\u2013\u2013\u2013\u2013\u2013\u2013\u2013\u2013\u2013\u2013\u2013\u2013\u2013\u2013\u2013\u2013\u2013\u2013\u2013\u2013\u2013\u2013\u2013\u2013\u2013\u2013\u2013\u2013\u2013\u2013\u2013\u2013\u2013\u2013\u2013\u2013<\/p>\n\n\n\n<p>\u2013\u2013\u2013\u2013\u2013\u2013\u2013\u2013\u2013\u2013\u2013\u2013\u2013\u2013\u2013\u2013\u2013\u2013\u2013\u2013\u2013\u2013\u2013\u2013\u2013\u2013\u2013\u2013\u2013\u2013\u2013\u2013\u2013\u2013\u2013\u2013\u2013\u2013\u2013\u2013\u2013\u2013\u2013\u2013\u2013<\/p>\n\n\n\n<p>\u2013\u2013\u2013\u2013\u2013\u2013\u2013\u2013\u2013\u2013\u2013\u2013\u2013\u2013\u2013\u2013\u2013\u2013\u2013\u2013\u2013\u2013\u2013\u2013\u2013\u2013\u2013\u2013\u2013\u2013\u2013\u2013\u2013\u2013\u2013\u2013\u2013\u2013\u2013\u2013\u2013\u2013\u2013\u2013\u2013<\/p>\n\n\n\n<p>Bestellt am (*) ____________________________<\/p>\n\n\n\n<p>Erhalten am (*) ____________________________<\/p>\n\n\n\n<p>Name des\/der Verbraucher(s)<\/p>\n\n\n\n<p>\u2013\u2013\u2013\u2013\u2013\u2013\u2013\u2013\u2013\u2013\u2013\u2013\u2013\u2013\u2013\u2013\u2013\u2013\u2013\u2013\u2013\u2013\u2013\u2013\u2013\u2013\u2013\u2013\u2013\u2013\u2013\u2013\u2013\u2013\u2013\u2013\u2013\u2013\u2013\u2013\u2013\u2013\u2013\u2013\u2013<\/p>\n\n\n\n<p>Anschrift des\/der Verbraucher(s)<\/p>\n\n\n\n<p>\u2013\u2013\u2013\u2013\u2013\u2013\u2013\u2013\u2013\u2013\u2013\u2013\u2013\u2013\u2013\u2013\u2013\u2013\u2013\u2013\u2013\u2013\u2013\u2013\u2013\u2013\u2013\u2013\u2013\u2013\u2013\u2013\u2013\u2013\u2013\u2013\u2013\u2013\u2013\u2013\u2013\u2013\u2013\u2013\u2013<\/p>\n\n\n\n<p>Datum ____________________________<\/p>\n\n\n\n<p>Unterschrift ____________________________<\/p>\n\n\n\n<p>(*) Unzutreffendes streiche<\/p>\n\n\n\n<p><strong>13 Folgen des Widerrufs<br><\/strong>Falls dieser Vertrag widerrufen wird, erstatten wir Ihnen nur die Zahlungen, welche wir von Ihnen erhalten haben, inklusive der Lieferkosten. Des Weiteren m\u00f6chten wir darauf hinweisen, dass zus\u00e4tzlichen Kosten, die sich daraus ergeben, dass Sie eine andere Art der Lieferung als die von uns angebotene, g\u00fcnstigste Standardlieferung gew\u00e4hlt haben, nicht zur\u00fcckerstatten.<br>Der Betrag wird schnellstm\u00f6glich und sp\u00e4testens innerhalb von 14 Tagen erstattet, beginnend ab dem Tag, an dem die Mitteilung \u00fcber Ihren Widerruf dieses Vertrags bei uns eingegangen ist.<br>F\u00fcr diese R\u00fcckzahlung verwenden wir dasselbe Zahlungsmittel, welches Sie bei der urspr\u00fcnglichen Transaktion eingesetzt haben, es sei denn, mit Ihnen wurde ausdr\u00fccklich etwas anderes vereinbart; in keinem Fall werden Ihnen wegen dieser R\u00fcckzahlung Entgelte berechnet.<br>Dabei wird die R\u00fcckzahlung von uns verweigert, bis wir die von uns gelieferte Ware vollst\u00e4ndig zur\u00fcckerhalten haben.<br>Sie haben die Waren unverz\u00fcglich und in jedem Fall sp\u00e4testens binnen vierzehn Tagen ab dem Tag, an dem Sie uns \u00fcber den Widerruf dieses Vertrags unterrichten, an die folgende Adresse zur\u00fcckzusenden:<\/p>\n\n\n\n<p><strong>MGV Publications GmbH<\/strong><\/p>\n\n\n\n<p>Sechshauser G\u00fcrtel 3 \/2-5 1150 Wien \u00d6sterreich<\/p>\n\n\n\n<p>&nbsp;Au\u00dferdem tragen Sie die unmittelbaren Kosten der R\u00fccksendung der Waren. Sie m\u00fcssen f\u00fcr einen etwaigen Wertverlust der Waren nur dann aufkommen, wenn dieser Wertverlust auf einen zur Pr\u00fcfung der Beschaffenheit, Eigenschaften und Funktionsweise der Waren nicht notwendigen Umgang mit ihnen zur\u00fcckzuf\u00fchren ist.<\/p>\n\n\n\n<p><em>ENDE DER WIDERRUFSBELEHRUNG<\/em><\/p>\n\n\n\n<p><strong>14 Rechtswahl und Gerichtsstand<br><\/strong>F\u00fcr die Vertragsbeziehung gilt ausschlie\u00dflich \u00f6sterreichisches Recht unter Ausschluss materiellen Einheitsrechts, insbesondere des UN-Kaufrechts \u00fcber den internationalen Warenkauf. F\u00fcr den Gerichtsstand gelten die gesetzlichen Vorschriften.<\/p>\n\n\n\n<p><strong>15 Salvatorische Klausel<br><\/strong>Sollten einzelne Bestimmungen des Vertrages ganz oder teilweise unwirksam sein, oder nicht durchf\u00fchrbar sein\/werden oder sollte der Vertrag eine L\u00fccke enthalten, bleibt die Wirksamkeit der \u00fcbrigen Bestimmungen oder Teile solcher Bestimmungen unber\u00fchrt. Die Vertragsparteien verpflichten sich in einem solchen Fall eine wirksame oder eine durchf\u00fchrbare Bestimmung anstelle dessen zu setzen durch welche der beabsichtigte Vertragszweck in rechtlich zul\u00e4ssiger Weise erreicht wird.<\/p>\n\n\n\n<p>Alternative Streitbeilegung gem\u00e4\u00df Art. 14 Abs. 1 ODR-VO und \u00a7 36 VSBG:<\/p>\n\n\n\n<p>Die Europ\u00e4ische Kommission stellt eine Plattform zur Online-Streitbeilegung (OS) bereit, die du unter&nbsp;<a href=\"https:\/\/ec.europa.eu\/consumers\/odr\" target=\"_blank\" rel=\"noopener\">https:\/\/ec.europa.eu\/consumers\/odr<\/a>&nbsp;findest. Wir sind bereit, an einem au\u00dfergerichtlichen Schlichtungsverfahren teilzunehmen.<\/p>","protected":false},"excerpt":{"rendered":"<p>AGB \u2013&nbsp;Allgemeine Gesch\u00e4ftsbedingungenDie nachstehenden AGB enthalten zugleich gesetzliche Informationen zu Ihren Rechten nach den Vorschriften \u00fcber Vertr\u00e4ge im Fernabsatz und im elektronischen Gesch\u00e4ftsverkehr. 1&nbsp;GeltungsbereichF\u00fcr alle Lieferungen von&nbsp;www.mgvpublications.com&nbsp;Kunden gelten diese Allgemeinen Gesch\u00e4ftsbedingungen (AGB). Verbraucher ist jede nat\u00fcrliche Person, die ein Rechtsgesch\u00e4ft zu Zwecken abschlie\u00dft, das \u00fcberwiegend weder ihrer gewerblichen noch ihrer selbst\u00e4ndigen beruflichen T\u00e4tigkeit zugerechnet werden [&hellip;]<\/p>","protected":false},"author":1,"featured_media":0,"parent":0,"menu_order":0,"comment_status":"closed","ping_status":"closed","template":"","meta":{"spay_email":"","_body_classes":"","_disable_container":false,"_hide_page_header":false,"_hide_page_breadcrumb":false,"_header_style":"","_is_custom_header":false,"_header_static_content_id":0,"_footer_style":"","_is_custom_footer":false,"_footer_static_content_id":0},"acf":[],"_links":{"self":[{"href":"https:\/\/mgvpublications.com\/de\/wp-json\/wp\/v2\/pages\/13701"}],"collection":[{"href":"https:\/\/mgvpublications.com\/de\/wp-json\/wp\/v2\/pages"}],"about":[{"href":"https:\/\/mgvpublications.com\/de\/wp-json\/wp\/v2\/types\/page"}],"author":[{"embeddable":true,"href":"https:\/\/mgvpublications.com\/de\/wp-json\/wp\/v2\/users\/1"}],"replies":[{"embeddable":true,"href":"https:\/\/mgvpublications.com\/de\/wp-json\/wp\/v2\/comments?post=13701"}],"version-history":[{"count":0,"href":"https:\/\/mgvpublications.com\/de\/wp-json\/wp\/v2\/pages\/13701\/revisions"}],"wp:attachment":[{"href":"https:\/\/mgvpublications.com\/de\/wp-json\/wp\/v2\/media?parent=13701"}],"curies":[{"name":"wp","href":"https:\/\/api.w.org\/{rel}","templated":true}]}}