{"id":13699,"date":"2020-12-10T13:47:08","date_gmt":"2020-12-10T12:47:08","guid":{"rendered":"https:\/\/dev2.mgvpublications.com\/?page_id=13699"},"modified":"2021-01-29T19:55:46","modified_gmt":"2021-01-29T18:55:46","slug":"versand-und-lieferung","status":"publish","type":"page","link":"https:\/\/mgvpublications.com\/de\/versand-und-lieferung\/","title":{"rendered":"Versand und Lieferung"},"content":{"rendered":"<p><strong>Versand und Lieferung: Versandkosten<\/strong><\/p>\n\n\n\n<p><strong>Regul\u00e4re Versandkosten Innerhalb \u00d6sterreichs:<\/strong><\/p>\n\n\n\n<p>Bestellungen ab EUR 30,- Einkaufswert sind generell innerhalb \u00d6sterreichs versandkostenfrei. Bei Bestellungen unter EUR 20,- Warenwert berechnen wir EUR 4.- Versandkosten. Die voraussichtliche Versanddauer liegt bei 2 bis 3 Werktagen.<\/p>\n\n\n\n<p><strong>Lieferungen nach Deutschland:<\/strong><\/p>\n\n\n\n<ul><li>Die voraussichtliche Lieferzeit betr\u00e4gt 5 bis 9 Werktage.<\/li><li>Die H\u00f6he der Versandkosten liegt bei EUR 7,50\u20ac. <\/li><\/ul>\n\n\n\n<p><strong>Lieferungen nach Luxemburg:<\/strong><\/p>\n\n\n\n<ul><li>Die voraussichtliche Lieferzeit betr\u00e4gt 5 bis 9 Werktage.<\/li><li>Die H\u00f6he der Versandkosten liegt bei EUR 9,50.<\/li><\/ul>\n\n\n\n<p><strong>Lieferungen in alle anderen EU-Staaten:<\/strong><\/p>\n\n\n\n<ul><li>Die voraussichtliche Lieferzeit betr\u00e4gt 5 bis 10 Werktage.<\/li><li>Die H\u00f6he der Versandkosten liegt bei EUR 19,90.<\/li><\/ul>\n\n\n\n<p><strong>Versand und Lieferung: Lieferung<\/strong><\/p>\n\n\n\n<p>Sofort lieferbare Artikel werden je nach Bestelleingang zirka am selben oder am n\u00e4chsten Werktag nach Ihrer Bestellung an unseren Zustelldienstleister \u00fcbergeben. Unser Zustelldienstleister tut alles, damit Ihre Bestellung so schnell wie m\u00f6glich ihr Ziel erreicht.<\/p>\n\n\n\n<p>Anders gekennzeichnete Titel werden vorgemerkt und zirka zu dem in der Detail-Ansicht der einzelnen Artikel angegebenen Termin ausgeliefert. Sollten Lieferhindernisse bestehen, melden wir Ihnen diese per E-Mail und, wenn m\u00f6glich, mit Angabe des voraussichtlichen Liefertermins.<\/p>\n\n\n\n<p>Bitte beachten Sie: Wenn Sie mehrere Artikel mit unterschiedlichen Lieferzeiten bestellt haben, f\u00fchren wir Ihre Bestellung zu einem Paket zusammen. In Ausnahmef\u00e4llen kann es daher zu kurzen Lieferverz\u00f6gerungen kommen.<\/p>\n\n\n\n<p><strong>Versand und Lieferung: Lieferung ins Ausland<\/strong><\/p>\n\n\n\n<p>Wir akzeptiert Bestellungen aus den folgenden europ\u00e4ischen Staaten: \u00d6sterreich, Deutschland, Belgien, D\u00e4nemark, Finnland, Frankreich, Gro\u00dfbritannien, Irland, Italien, Luxemburg, Niederlande, Portugal, Schweden und Spanien. Bitte beachten Sie unsere&nbsp;Versandkosten\u00fcbersicht.<\/p>\n\n\n\n<p>Bitte beachten Sie dabei, dass aufgrund von Zollbestimmungen und langen Versandwegen der Liefertermin nicht exakt vorhersehbar ist.<\/p>\n\n\n\n<p><strong>Versand und Lieferung: Lieferung bei Mehrfachbestellung eines Artikels<\/strong><\/p>\n\n\n\n<p>Wenn Sie 10 Exemplare oder mehr eines bestimmten Titels bestellen m\u00f6chten, zum Beispiel f\u00fcr Unterrichtsgruppen, setzen Sie sich bitte zun\u00e4chst mit unserem Kundenservice in Verbindung. Unser Kundenservice informiert Sie gern \u00fcber die zu erwartenden Lieferfristen bei solchen Mehrfachbestellungen.<\/p>\n\n\n\n<p><strong>Versand und Lieferung: Lieferanschrift w\u00e4hlen<\/strong><\/p>\n\n\n\n<p>Sie k\u00f6nnen in unserem Shop ganz bequem mehrere Lieferadressen eintragen, speichern und bei sp\u00e4teren Bestellungen aktuell ausw\u00e4hlen. Am einfachsten machen Sie das kurz vor dem Abschicken Ihrer Bestellung.<\/p>","protected":false},"excerpt":{"rendered":"<p>Versand und Lieferung: Versandkosten Regul\u00e4re Versandkosten Innerhalb \u00d6sterreichs: Bestellungen ab EUR 30,- Einkaufswert sind generell innerhalb \u00d6sterreichs versandkostenfrei. Bei Bestellungen unter EUR 20,- Warenwert berechnen wir EUR 4.- Versandkosten. Die voraussichtliche Versanddauer liegt bei 2 bis 3 Werktagen. Lieferungen nach Deutschland: Die voraussichtliche Lieferzeit betr\u00e4gt 5 bis 9 Werktage. Die H\u00f6he der Versandkosten liegt bei [&hellip;]<\/p>","protected":false},"author":1,"featured_media":0,"parent":0,"menu_order":0,"comment_status":"closed","ping_status":"closed","template":"","meta":{"spay_email":"","_body_classes":"","_disable_container":false,"_hide_page_header":false,"_hide_page_breadcrumb":false,"_header_style":"","_is_custom_header":false,"_header_static_content_id":0,"_footer_style":"","_is_custom_footer":false,"_footer_static_content_id":0},"acf":[],"_links":{"self":[{"href":"https:\/\/mgvpublications.com\/de\/wp-json\/wp\/v2\/pages\/13699"}],"collection":[{"href":"https:\/\/mgvpublications.com\/de\/wp-json\/wp\/v2\/pages"}],"about":[{"href":"https:\/\/mgvpublications.com\/de\/wp-json\/wp\/v2\/types\/page"}],"author":[{"embeddable":true,"href":"https:\/\/mgvpublications.com\/de\/wp-json\/wp\/v2\/users\/1"}],"replies":[{"embeddable":true,"href":"https:\/\/mgvpublications.com\/de\/wp-json\/wp\/v2\/comments?post=13699"}],"version-history":[{"count":0,"href":"https:\/\/mgvpublications.com\/de\/wp-json\/wp\/v2\/pages\/13699\/revisions"}],"wp:attachment":[{"href":"https:\/\/mgvpublications.com\/de\/wp-json\/wp\/v2\/media?parent=13699"}],"curies":[{"name":"wp","href":"https:\/\/api.w.org\/{rel}","templated":true}]}}