{"id":13697,"date":"2020-12-10T13:46:30","date_gmt":"2020-12-10T12:46:30","guid":{"rendered":"https:\/\/dev2.mgvpublications.com\/?page_id=13697"},"modified":"2021-12-21T14:47:43","modified_gmt":"2021-12-21T13:47:43","slug":"impressum","status":"publish","type":"page","link":"https:\/\/mgvpublications.com\/de\/impressum\/","title":{"rendered":"Impressum"},"content":{"rendered":"<p>Informationspflicht laut \u00a75 E-Commerce Gesetz, \u00a714 Unternehmensgesetzbuch, \u00a763 Gewerbeordnung und Offenlegungspflicht laut \u00a725 Mediengesetz.<\/p>\n\n\n\n<p>MGV Publications GmbH<br>Sechshauser G\u00fcrtel 3 , 2-5,<br>1150 Wien Wien,<br>\u00d6sterreich<\/p>\n\n\n\n<p>Unternehmensgegenstand: Eingetragener Gegenstand: Buchhandlung und Handeln mit Waren aller Art<br>UID-Nummer: ATU73631279<br>Firmenbuchnummer: FN 498205 f<br>Firmensitz: 1150 Wien<\/p>\n\n\n\n<p>Tel.: +43 6601230508<br>E-Mail: office@mgvpublications.com<\/p>\n\n\n\n<p>Mitglied bei: WKO<br>Berufsrecht: Gewerbeordnung: www.ris.bka.gv.at<\/p>\n\n\n\n<p>Magistrat der Stadt Wien, MBA 15<br>Berufsbezeichnung: Buchhandlung<br>Verleihungsstaat: \u00d6sterreich<\/p>\n\n\n\n<p>Gesch\u00e4ftsf\u00fchrer<br>Herr Burak \u00d6zy\u00fcrek<\/p>","protected":false},"excerpt":{"rendered":"<p>Informationspflicht laut \u00a75 E-Commerce Gesetz, \u00a714 Unternehmensgesetzbuch, \u00a763 Gewerbeordnung und Offenlegungspflicht laut \u00a725 Mediengesetz. MGV Publications GmbHSechshauser G\u00fcrtel 3 , 2-5,1150 Wien Wien,\u00d6sterreich Unternehmensgegenstand: Eingetragener Gegenstand: Buchhandlung und Handeln mit Waren aller ArtUID-Nummer: ATU73631279Firmenbuchnummer: FN 498205 fFirmensitz: 1150 Wien Tel.: +43 6601230508E-Mail: office@mgvpublications.com Mitglied bei: WKOBerufsrecht: Gewerbeordnung: www.ris.bka.gv.at Magistrat der Stadt Wien, MBA 15Berufsbezeichnung: BuchhandlungVerleihungsstaat: [&hellip;]<\/p>","protected":false},"author":1,"featured_media":0,"parent":0,"menu_order":0,"comment_status":"closed","ping_status":"closed","template":"","meta":{"spay_email":"","_body_classes":"","_disable_container":false,"_hide_page_header":false,"_hide_page_breadcrumb":false,"_header_style":"","_is_custom_header":false,"_header_static_content_id":0,"_footer_style":"","_is_custom_footer":false,"_footer_static_content_id":0},"acf":[],"_links":{"self":[{"href":"https:\/\/mgvpublications.com\/de\/wp-json\/wp\/v2\/pages\/13697"}],"collection":[{"href":"https:\/\/mgvpublications.com\/de\/wp-json\/wp\/v2\/pages"}],"about":[{"href":"https:\/\/mgvpublications.com\/de\/wp-json\/wp\/v2\/types\/page"}],"author":[{"embeddable":true,"href":"https:\/\/mgvpublications.com\/de\/wp-json\/wp\/v2\/users\/1"}],"replies":[{"embeddable":true,"href":"https:\/\/mgvpublications.com\/de\/wp-json\/wp\/v2\/comments?post=13697"}],"version-history":[{"count":0,"href":"https:\/\/mgvpublications.com\/de\/wp-json\/wp\/v2\/pages\/13697\/revisions"}],"wp:attachment":[{"href":"https:\/\/mgvpublications.com\/de\/wp-json\/wp\/v2\/media?parent=13697"}],"curies":[{"name":"wp","href":"https:\/\/api.w.org\/{rel}","templated":true}]}}